{"id":8537,"date":"2019-04-15T10:53:24","date_gmt":"2019-04-15T08:53:24","guid":{"rendered":"https:\/\/profheinen.de\/total-body-bone-mineral-mass-bmc-index\/"},"modified":"2025-05-06T17:52:49","modified_gmt":"2025-05-06T15:52:49","slug":"total-body-bone-mineral-mass-bmc-index","status":"publish","type":"page","link":"https:\/\/profheinen.de\/en\/diagnostics\/body-composition\/total-body-bone-mineral-mass-bmc-index\/","title":{"rendered":"Total body bone mineral mass (BMC index)"},"content":{"rendered":"\t\t<div data-elementor-type=\"wp-page\" data-elementor-id=\"8537\" class=\"elementor elementor-8537 elementor-4114\" data-elementor-post-type=\"page\">\n\t\t\t\t\t\t<section class=\"elementor-section elementor-top-section elementor-element elementor-element-cb4e65c elementor-section-boxed elementor-section-height-default elementor-section-height-default\" data-id=\"cb4e65c\" data-element_type=\"section\">\n\t\t\t\t\t\t<div class=\"elementor-container elementor-column-gap-default\">\n\t\t\t\t\t<div class=\"elementor-column elementor-col-66 elementor-top-column elementor-element elementor-element-f6be7c6\" data-id=\"f6be7c6\" data-element_type=\"column\">\n\t\t\t<div class=\"elementor-widget-wrap elementor-element-populated\">\n\t\t\t\t\t\t<div class=\"elementor-element elementor-element-b5f5c1c elementor-widget elementor-widget-text-editor\" data-id=\"b5f5c1c\" data-element_type=\"widget\" data-widget_type=\"text-editor.default\">\n\t\t\t\t<div class=\"elementor-widget-container\">\n\t\t\t\t\t\t\t\t\t<h1>Gesamt-K\u00f6rper Knochenminealgehalt (BMC) und sein BMCI<\/h1><p>Da wir mittels DEXA den Ganzk\u00f6rper &#8211; Knochenmineralgehalt (nicht das Gesamt-Gewicht der Knochen) jedes Untersuchten (709 Frauen und 297 M\u00e4nner) ermittelt haben, konnten wir f\u00fcr diesen Parameter \u00fcberpr\u00fcfen, ob sich eine Korrelation zur K\u00f6rpergr\u00f6\u00dfe findet und ob die Korrelation nach Indexierung immer noch nachweisbar ist.<\/p><figure id=\"attachment_4107\" aria-describedby=\"caption-attachment-4107\" style=\"width: 450px\" class=\"wp-caption aligncenter\"><img fetchpriority=\"high\" decoding=\"async\" class=\"size-full wp-image-4107\" src=\"https:\/\/profheinen.de\/wp-content\/uploads\/2019\/04\/Knochenmineralgehalt-e1555311422397.png\" alt=\"\" width=\"450\" height=\"291\" \/><figcaption id=\"caption-attachment-4107\" class=\"wp-caption-text\">Abb. 1: Bei Frauen (rosa Punkte) und M\u00e4nnern (blaue Punkte) findet sich eine hoch signifikante Korrelation zwischen der K\u00f6rpergr\u00f6\u00dfe und der Gesamt-K\u00f6rper Knochen-Mineralmasse (BMC: bone mineral content).<\/figcaption><\/figure><p>Die Abbildung 1 zeigt eine eindeutige, hochsignifikante Korrelation (p&lt;&lt;0,001) zwischen der K\u00f6rpergr\u00f6\u00dfe und dem Gesamt-K\u00f6rper Mineralgehalt (Total Body Mineral Content; TBMC). Dabei f\u00e4llt auf, dass die Trendlinien f\u00fcr Frauen und M\u00e4nner nahezu gleich sind. Da Frauen aber im Schnitt kleiner sind als M\u00e4nner, fand sich bei ihnen entsprechend ein niedrigerer Gesamt-K\u00f6rpermineralgehalt von 2,8 \u00b1 0,4 kg, bei M\u00e4nnern ein solcher von 3,3 \u00b1 0,4 kg\u00a0 (angegeben jeweils der Mittelwert \u00b1 Standardabweichung). Pro cm K\u00f6rpergr\u00f6\u00dfe nimmt der Calciumgehalt bei Frauen und M\u00e4nnern um etwa 3 % zu.<\/p><p>Bildet man den Index f\u00fcr den Gesamt-K\u00f6rper Mineralgehalt (TBMC \/ K\u00f6rpergr\u00f6\u00dfe \u00b2), so finden sich identische Werte f\u00fcr Frau und Mann f\u00fcr den Index der Gesamtk\u00f6rper Mineralmasse von 1,0 \u00b1 0,1 kg\/m\u00b2! Eher \u00fcberraschend fand sich aber eine signifikante (p&lt;0,05), negative Korrelation zwischen dem Index der Gesamtk\u00f6rper Mineralmasse und der K\u00f6rpergr\u00f6\u00dfe bei M\u00e4nnern und Frauen.<\/p><figure id=\"attachment_4108\" aria-describedby=\"caption-attachment-4108\" style=\"width: 450px\" class=\"wp-caption aligncenter\"><img decoding=\"async\" class=\"size-full wp-image-4108\" src=\"https:\/\/profheinen.de\/wp-content\/uploads\/2019\/04\/Index-des-Knochenmineralgehaltes-e1555311806275.png\" alt=\"\" width=\"450\" height=\"291\" \/><figcaption id=\"caption-attachment-4108\" class=\"wp-caption-text\">Abb. 2: Bei Frauen (rosa Punkte) und M\u00e4nnern (blaue Punkte) findet sich eine signifikante (p&lt;0,05), negative Korrelation zwischen der K\u00f6rpergr\u00f6\u00dfe und dem Index der Gesamt-K\u00f6rper Knochen-Mineralmasse (TBMCI = Total Bone Mineral Content Index).<\/figcaption><\/figure><p>Betrachtet man allerdings die Steigung der Regressionsgeraden, so wird deutlich, dass der Index nur um 3 Promille bei M\u00e4nnern bzw. 1 Promille bei Frauen pro cm K\u00f6rpergr\u00f6\u00dfe abnimmt &#8211; also kaum ins Gewicht f\u00e4llt. Als Ursache dieses Ph\u00e4nomens muss diskutiert werden, dass eine Gr\u00f6\u00dfenzunahme vorwiegend die Extremit\u00e4ten und den Bereich um die Taille betrifft, Schulter- und Beckeng\u00fcrtel sowie der Kopf, also die Regionen, die pro cm L\u00e4nge die h\u00f6chste Knochenmasse aufweisen, weniger betroffen sein d\u00fcrften.<\/p><p>Auf den wichtigen Zusammenhang zwischen der Muskelmasse und der Knochendichte haben wir in dem Kapitel <a title=\"Sport, Bewegung &amp; Osteoporose\" href=\"https:\/\/profheinen.de\/sport-und-bewegung\/sport-bewegung-und-osteoporose\/\" target=\"_blank\" rel=\"noopener\">&#8220;Sport, Bewegung und Osteoporose&#8221;<\/a> hingewiesen. Dabei fand sich eine viel st\u00e4rkere Zunahme der Knochendichte bei steigender Muskelmasse bei Frauen vor der Menopause als bei M\u00e4nnern. Ein Bedund, der auf den positiven Effekt der \u00d6strogene auch den Knochen zur\u00fcckzuf\u00fchren sein d\u00fcrfte.\u00a0<\/p>\t\t\t\t\t\t\t\t<\/div>\n\t\t\t\t<\/div>\n\t\t\t\t\t<\/div>\n\t\t<\/div>\n\t\t\t\t<div class=\"elementor-column elementor-col-33 elementor-top-column elementor-element elementor-element-ef96c4c\" data-id=\"ef96c4c\" data-element_type=\"column\">\n\t\t\t<div class=\"elementor-widget-wrap elementor-element-populated\">\n\t\t\t\t\t\t<div class=\"elementor-element elementor-element-33ba815 hfe-nav-menu__align-left hfe-submenu-icon-arrow hfe-submenu-animation-none hfe-link-redirect-child hfe-nav-menu__breakpoint-tablet elementor-widget elementor-widget-navigation-menu\" data-id=\"33ba815\" data-element_type=\"widget\" data-settings=\"{&quot;padding_horizontal_menu_item&quot;:{&quot;unit&quot;:&quot;px&quot;,&quot;size&quot;:15,&quot;sizes&quot;:[]},&quot;padding_horizontal_menu_item_tablet&quot;:{&quot;unit&quot;:&quot;px&quot;,&quot;size&quot;:&quot;&quot;,&quot;sizes&quot;:[]},&quot;padding_horizontal_menu_item_mobile&quot;:{&quot;unit&quot;:&quot;px&quot;,&quot;size&quot;:&quot;&quot;,&quot;sizes&quot;:[]},&quot;padding_vertical_menu_item&quot;:{&quot;unit&quot;:&quot;px&quot;,&quot;size&quot;:15,&quot;sizes&quot;:[]},&quot;padding_vertical_menu_item_tablet&quot;:{&quot;unit&quot;:&quot;px&quot;,&quot;size&quot;:&quot;&quot;,&quot;sizes&quot;:[]},&quot;padding_vertical_menu_item_mobile&quot;:{&quot;unit&quot;:&quot;px&quot;,&quot;size&quot;:&quot;&quot;,&quot;sizes&quot;:[]},&quot;menu_space_between&quot;:{&quot;unit&quot;:&quot;px&quot;,&quot;size&quot;:&quot;&quot;,&quot;sizes&quot;:[]},&quot;menu_space_between_tablet&quot;:{&quot;unit&quot;:&quot;px&quot;,&quot;size&quot;:&quot;&quot;,&quot;sizes&quot;:[]},&quot;menu_space_between_mobile&quot;:{&quot;unit&quot;:&quot;px&quot;,&quot;size&quot;:&quot;&quot;,&quot;sizes&quot;:[]},&quot;menu_row_space&quot;:{&quot;unit&quot;:&quot;px&quot;,&quot;size&quot;:&quot;&quot;,&quot;sizes&quot;:[]},&quot;menu_row_space_tablet&quot;:{&quot;unit&quot;:&quot;px&quot;,&quot;size&quot;:&quot;&quot;,&quot;sizes&quot;:[]},&quot;menu_row_space_mobile&quot;:{&quot;unit&quot;:&quot;px&quot;,&quot;size&quot;:&quot;&quot;,&quot;sizes&quot;:[]},&quot;dropdown_border_radius&quot;:{&quot;unit&quot;:&quot;px&quot;,&quot;top&quot;:&quot;&quot;,&quot;right&quot;:&quot;&quot;,&quot;bottom&quot;:&quot;&quot;,&quot;left&quot;:&quot;&quot;,&quot;isLinked&quot;:true},&quot;dropdown_border_radius_tablet&quot;:{&quot;unit&quot;:&quot;px&quot;,&quot;top&quot;:&quot;&quot;,&quot;right&quot;:&quot;&quot;,&quot;bottom&quot;:&quot;&quot;,&quot;left&quot;:&quot;&quot;,&quot;isLinked&quot;:true},&quot;dropdown_border_radius_mobile&quot;:{&quot;unit&quot;:&quot;px&quot;,&quot;top&quot;:&quot;&quot;,&quot;right&quot;:&quot;&quot;,&quot;bottom&quot;:&quot;&quot;,&quot;left&quot;:&quot;&quot;,&quot;isLinked&quot;:true},&quot;width_dropdown_item&quot;:{&quot;unit&quot;:&quot;px&quot;,&quot;size&quot;:&quot;220&quot;,&quot;sizes&quot;:[]},&quot;width_dropdown_item_tablet&quot;:{&quot;unit&quot;:&quot;px&quot;,&quot;size&quot;:&quot;&quot;,&quot;sizes&quot;:[]},&quot;width_dropdown_item_mobile&quot;:{&quot;unit&quot;:&quot;px&quot;,&quot;size&quot;:&quot;&quot;,&quot;sizes&quot;:[]},&quot;padding_horizontal_dropdown_item&quot;:{&quot;unit&quot;:&quot;px&quot;,&quot;size&quot;:&quot;&quot;,&quot;sizes&quot;:[]},&quot;padding_horizontal_dropdown_item_tablet&quot;:{&quot;unit&quot;:&quot;px&quot;,&quot;size&quot;:&quot;&quot;,&quot;sizes&quot;:[]},&quot;padding_horizontal_dropdown_item_mobile&quot;:{&quot;unit&quot;:&quot;px&quot;,&quot;size&quot;:&quot;&quot;,&quot;sizes&quot;:[]},&quot;padding_vertical_dropdown_item&quot;:{&quot;unit&quot;:&quot;px&quot;,&quot;size&quot;:15,&quot;sizes&quot;:[]},&quot;padding_vertical_dropdown_item_tablet&quot;:{&quot;unit&quot;:&quot;px&quot;,&quot;size&quot;:&quot;&quot;,&quot;sizes&quot;:[]},&quot;padding_vertical_dropdown_item_mobile&quot;:{&quot;unit&quot;:&quot;px&quot;,&quot;size&quot;:&quot;&quot;,&quot;sizes&quot;:[]},&quot;distance_from_menu&quot;:{&quot;unit&quot;:&quot;px&quot;,&quot;size&quot;:&quot;&quot;,&quot;sizes&quot;:[]},&quot;distance_from_menu_tablet&quot;:{&quot;unit&quot;:&quot;px&quot;,&quot;size&quot;:&quot;&quot;,&quot;sizes&quot;:[]},&quot;distance_from_menu_mobile&quot;:{&quot;unit&quot;:&quot;px&quot;,&quot;size&quot;:&quot;&quot;,&quot;sizes&quot;:[]},&quot;toggle_size&quot;:{&quot;unit&quot;:&quot;px&quot;,&quot;size&quot;:&quot;&quot;,&quot;sizes&quot;:[]},&quot;toggle_size_tablet&quot;:{&quot;unit&quot;:&quot;px&quot;,&quot;size&quot;:&quot;&quot;,&quot;sizes&quot;:[]},&quot;toggle_size_mobile&quot;:{&quot;unit&quot;:&quot;px&quot;,&quot;size&quot;:&quot;&quot;,&quot;sizes&quot;:[]},&quot;toggle_border_width&quot;:{&quot;unit&quot;:&quot;px&quot;,&quot;size&quot;:&quot;&quot;,&quot;sizes&quot;:[]},&quot;toggle_border_width_tablet&quot;:{&quot;unit&quot;:&quot;px&quot;,&quot;size&quot;:&quot;&quot;,&quot;sizes&quot;:[]},&quot;toggle_border_width_mobile&quot;:{&quot;unit&quot;:&quot;px&quot;,&quot;size&quot;:&quot;&quot;,&quot;sizes&quot;:[]},&quot;toggle_border_radius&quot;:{&quot;unit&quot;:&quot;px&quot;,&quot;size&quot;:&quot;&quot;,&quot;sizes&quot;:[]},&quot;toggle_border_radius_tablet&quot;:{&quot;unit&quot;:&quot;px&quot;,&quot;size&quot;:&quot;&quot;,&quot;sizes&quot;:[]},&quot;toggle_border_radius_mobile&quot;:{&quot;unit&quot;:&quot;px&quot;,&quot;size&quot;:&quot;&quot;,&quot;sizes&quot;:[]}}\" data-widget_type=\"navigation-menu.default\">\n\t\t\t\t<div class=\"elementor-widget-container\">\n\t\t\t\t\t\t\t\t<div class=\"hfe-nav-menu hfe-layout-horizontal hfe-nav-menu-layout horizontal hfe-pointer__none\" data-layout=\"horizontal\">\n\t\t\t\t<div role=\"button\" class=\"hfe-nav-menu__toggle elementor-clickable\">\n\t\t\t\t\t<span class=\"screen-reader-text\">Menu<\/span>\n\t\t\t\t\t<div class=\"hfe-nav-menu-icon\">\n\t\t\t\t\t\t<i aria-hidden=\"true\"  class=\"fas fa-align-justify\"><\/i>\t\t\t\t\t<\/div>\n\t\t\t\t<\/div>\n\t\t\t\t<nav class=\"hfe-nav-menu__layout-horizontal hfe-nav-menu__submenu-arrow\" data-toggle-icon=\"&lt;i aria-hidden=&quot;true&quot; tabindex=&quot;0&quot; class=&quot;fas fa-align-justify&quot;&gt;&lt;\/i&gt;\" data-close-icon=\"&lt;i aria-hidden=&quot;true&quot; tabindex=&quot;0&quot; class=&quot;far fa-window-close&quot;&gt;&lt;\/i&gt;\" data-full-width=\"yes\">\n\t\t\t\t\t<ul id=\"menu-1-33ba815\" class=\"hfe-nav-menu\"><li id=\"menu-item-9088\" class=\"menu-item menu-item-type-post_type menu-item-object-page parent hfe-creative-menu\"><a href=\"https:\/\/profheinen.de\/diagnostik\/\" class = \"hfe-menu-item\">Diagnostics<\/a><\/li>\n<li id=\"menu-item-10444\" class=\"menu-item menu-item-type-post_type menu-item-object-page parent hfe-creative-menu\"><a href=\"https:\/\/profheinen.de\/diagnostik\/koerperzusammensetzung\/\" class = \"hfe-menu-item\">body-composition<\/a><\/li>\n<li id=\"menu-item-10268\" class=\"menu-item menu-item-type-post_type menu-item-object-page parent hfe-creative-menu\"><a href=\"https:\/\/profheinen.de\/diagnostik\/koerperzusammensetzung\/bmi-was-ist-das\/\" class = \"hfe-menu-item\">BMI what is it?<\/a><\/li>\n<li id=\"menu-item-8837\" class=\"menu-item menu-item-type-post_type menu-item-object-page parent hfe-creative-menu\"><a href=\"https:\/\/profheinen.de\/diagnostik\/koerperzusammensetzung\/die-dual-energy-xray-absortiometry\/\" class = \"hfe-menu-item\">Dual Energy Xray Absortiometry<\/a><\/li>\n<li id=\"menu-item-8838\" class=\"menu-item menu-item-type-post_type menu-item-object-page parent hfe-creative-menu\"><a href=\"https:\/\/profheinen.de\/diagnostik\/koerperzusammensetzung\/die-bioelektrische-impedanzanalyse-bia\/\" class = \"hfe-menu-item\">Bioelectrical impedance analysis, BIA<\/a><\/li>\n<li id=\"menu-item-8840\" class=\"menu-item menu-item-type-post_type menu-item-object-page parent hfe-creative-menu\"><a href=\"https:\/\/profheinen.de\/diagnostik\/koerperzusammensetzung\/fmi-fettmasse-index\/\" class = \"hfe-menu-item\">FMI fat mass index<\/a><\/li>\n<li id=\"menu-item-10487\" class=\"menu-item menu-item-type-post_type menu-item-object-page parent hfe-creative-menu\"><a href=\"https:\/\/profheinen.de\/diagnostik\/koerperzusammensetzung\/index-der-fettfreien-masse-ffmi\/\" class = \"hfe-menu-item\">Fat-free mass index FFMI<\/a><\/li>\n<li id=\"menu-item-8842\" class=\"menu-item menu-item-type-post_type menu-item-object-page parent hfe-creative-menu\"><a href=\"https:\/\/profheinen.de\/diagnostik\/koerperzusammensetzung\/muskel-masse-index-mmi\/\" class = \"hfe-menu-item\">Muscle mass index MMI<\/a><\/li>\n<li id=\"menu-item-9072\" class=\"menu-item menu-item-type-post_type menu-item-object-page parent hfe-creative-menu\"><a href=\"https:\/\/profheinen.de\/diagnostik\/koerperzusammensetzung\/gesamt-koerper-knochenmineral-masse-bmc-index\/\" class = \"hfe-menu-item\">Total body bone mineral mass (BMC index)<\/a><\/li>\n<\/ul> \n\t\t\t\t<\/nav>\n\t\t\t<\/div>\n\t\t\t\t\t\t\t<\/div>\n\t\t\t\t<\/div>\n\t\t\t\t\t<\/div>\n\t\t<\/div>\n\t\t\t\t\t<\/div>\n\t\t<\/section>\n\t\t\t\t<\/div>\n\t\t","protected":false},"excerpt":{"rendered":"<p>Total body bone mineral content (BMC) and its BMCI Since we used DEXA to determine the whole-body bone mineral content (not the total weight of the bones) of each person examined (709 women and 297 men), we were able to check whether there was a correlation with body size for this parameter and whether the [&hellip;]<\/p>\n","protected":false},"author":2,"featured_media":0,"parent":10297,"menu_order":0,"comment_status":"closed","ping_status":"closed","template":"","meta":{"_custom_body_class":"","_custom_post_class":"","om_disable_all_campaigns":false,"_monsterinsights_skip_tracking":false,"_monsterinsights_sitenote_active":false,"_monsterinsights_sitenote_note":"","_monsterinsights_sitenote_category":0,"_uf_show_specific_survey":0,"_uf_disable_surveys":false,"site-sidebar-layout":"default","site-content-layout":"default","ast-site-content-layout":"default","site-content-style":"default","site-sidebar-style":"default","ast-global-header-display":"","ast-banner-title-visibility":"","ast-main-header-display":"","ast-hfb-above-header-display":"","ast-hfb-below-header-display":"","ast-hfb-mobile-header-display":"","site-post-title":"disabled","ast-breadcrumbs-content":"","ast-featured-img":"","footer-sml-layout":"","theme-transparent-header-meta":"default","adv-header-id-meta":"","stick-header-meta":"default","header-above-stick-meta":"","header-main-stick-meta":"","header-below-stick-meta":"","astra-migrate-meta-layouts":"set","ast-page-background-enabled":"default","ast-page-background-meta":{"desktop":{"background-color":"","background-image":"","background-repeat":"repeat","background-position":"center center","background-size":"auto","background-attachment":"scroll","background-type":"","background-media":"","overlay-type":"","overlay-color":"","overlay-opacity":"","overlay-gradient":""},"tablet":{"background-color":"","background-image":"","background-repeat":"repeat","background-position":"center center","background-size":"auto","background-attachment":"scroll","background-type":"","background-media":"","overlay-type":"","overlay-color":"","overlay-opacity":"","overlay-gradient":""},"mobile":{"background-color":"","background-image":"","background-repeat":"repeat","background-position":"center center","background-size":"auto","background-attachment":"scroll","background-type":"","background-media":"","overlay-type":"","overlay-color":"","overlay-opacity":"","overlay-gradient":""}},"ast-content-background-meta":{"desktop":{"background-color":"var(--ast-global-color-5)","background-image":"","background-repeat":"repeat","background-position":"center center","background-size":"auto","background-attachment":"scroll","background-type":"","background-media":"","overlay-type":"","overlay-color":"","overlay-opacity":"","overlay-gradient":""},"tablet":{"background-color":"var(--ast-global-color-5)","background-image":"","background-repeat":"repeat","background-position":"center center","background-size":"auto","background-attachment":"scroll","background-type":"","background-media":"","overlay-type":"","overlay-color":"","overlay-opacity":"","overlay-gradient":""},"mobile":{"background-color":"var(--ast-global-color-5)","background-image":"","background-repeat":"repeat","background-position":"center center","background-size":"auto","background-attachment":"scroll","background-type":"","background-media":"","overlay-type":"","overlay-color":"","overlay-opacity":"","overlay-gradient":""}},"footnotes":""},"class_list":["post-8537","page","type-page","status-publish","hentry"],"aioseo_notices":[],"_links":{"self":[{"href":"https:\/\/profheinen.de\/en\/wp-json\/wp\/v2\/pages\/8537","targetHints":{"allow":["GET"]}}],"collection":[{"href":"https:\/\/profheinen.de\/en\/wp-json\/wp\/v2\/pages"}],"about":[{"href":"https:\/\/profheinen.de\/en\/wp-json\/wp\/v2\/types\/page"}],"author":[{"embeddable":true,"href":"https:\/\/profheinen.de\/en\/wp-json\/wp\/v2\/users\/2"}],"replies":[{"embeddable":true,"href":"https:\/\/profheinen.de\/en\/wp-json\/wp\/v2\/comments?post=8537"}],"version-history":[{"count":0,"href":"https:\/\/profheinen.de\/en\/wp-json\/wp\/v2\/pages\/8537\/revisions"}],"up":[{"embeddable":true,"href":"https:\/\/profheinen.de\/en\/wp-json\/wp\/v2\/pages\/10297"}],"wp:attachment":[{"href":"https:\/\/profheinen.de\/en\/wp-json\/wp\/v2\/media?parent=8537"}],"curies":[{"name":"wp","href":"https:\/\/api.w.org\/{rel}","templated":true}]}}