{"id":8581,"date":"2017-11-21T17:20:36","date_gmt":"2017-11-21T16:20:36","guid":{"rendered":"https:\/\/profheinen.de\/physical-working-capacity-130\/"},"modified":"2025-04-28T16:55:44","modified_gmt":"2025-04-28T14:55:44","slug":"physical-working-capacity-130","status":"publish","type":"page","link":"https:\/\/profheinen.de\/en\/diagnostics\/physical-working-capacity-130\/","title":{"rendered":"Physical working capacity 130"},"content":{"rendered":"\t\t<div data-elementor-type=\"wp-page\" data-elementor-id=\"8581\" class=\"elementor elementor-8581 elementor-2987\" data-elementor-post-type=\"page\">\n\t\t\t\t\t\t<section class=\"elementor-section elementor-top-section elementor-element elementor-element-c118159 elementor-section-boxed elementor-section-height-default elementor-section-height-default\" data-id=\"c118159\" data-element_type=\"section\">\n\t\t\t\t\t\t<div class=\"elementor-container elementor-column-gap-default\">\n\t\t\t\t\t<div class=\"elementor-column elementor-col-66 elementor-top-column elementor-element elementor-element-1a6e7dd\" data-id=\"1a6e7dd\" data-element_type=\"column\">\n\t\t\t<div class=\"elementor-widget-wrap elementor-element-populated\">\n\t\t\t\t\t\t<div class=\"elementor-element elementor-element-640c67e elementor-widget elementor-widget-text-editor\" data-id=\"640c67e\" data-element_type=\"widget\" data-widget_type=\"text-editor.default\">\n\t\t\t\t<div class=\"elementor-widget-container\">\n\t\t\t\t\t\t\t\t\t<h2><span style=\"color: #808080;\">Physical Working Capacity 130 &#8211; PWC 130<\/span><\/h2><p>Unter der Physical Working Capacity 130 versteht man, wieviel Watt eine Person bei einer Herzfrequenz von 130 Herzschl\u00e4gen pro Minute zu leisten in der Lage ist.<\/p><figure id=\"attachment_2989\" aria-describedby=\"caption-attachment-2989\" style=\"width: 451px\" class=\"wp-caption aligncenter\"><img fetchpriority=\"high\" decoding=\"async\" class=\" wp-image-2989\" src=\"https:\/\/profheinen.de\/wp-content\/uploads\/2017\/11\/BelastungsEKG-e1511281365128.jpg\" alt=\"\" width=\"451\" height=\"309\" \/><figcaption id=\"caption-attachment-2989\" class=\"wp-caption-text\">Blutdruck und Herzfrequenz bei einer Stufenbelastung mit 40 &#8211; 160 Watt auf dem Fahrradergometer. Mann, 65 J, 75 kg<\/figcaption><\/figure><p>Dieser Parameter ist weitgehend von der Willk\u00fcr der untersuchten Person unabh\u00e4ngig und eignet sich deswegen auch hervorragend zur gutachterlichen Beurteilung der k\u00f6rperlichen Leistungsf\u00e4higkeit einer Person. Bei <a href=\"https:\/\/profheinen.de\/diagnostik\/fehlerquellen\/#hyperventilation\">\u00e4ngstlichen Personen<\/a> kann die Angst-vermittelte Pulsbeschleuningung allerdings zu einer ganz massiven Untersch\u00e4tzung der k\u00f6rperlichen Leistungsf\u00e4higkeit eines Probanden kommen.<\/p><p>Die PWC 130 wird ermittelt, indem man die untersuchte Person einer ansteigenden Leistung &#8211; bevorzugt auf einem Fahrradergometer aussetzt.\u00a0 An Hand der Daten wird die Belastung in Watt interpoliert, die bei einer Herzfrequenz von 130 Schl\u00e4gen pro Minute erreicht wird. Diese Belastung wird durch das K\u00f6rpergewicht des Probanden dividiert, ergibt die PWC 130 in Watt\/kg.\u00a0<\/p><p>Neben der PWC 130 spielen die PWC 150 und 170 eine gewisse Rolle, f\u00fcr den Bereich des Gesundheitstrainings sind diese Werte aus meiner Sicht allerdings weitgehend ohne Belang, da Herzfrequenzen von mehr als 150 Schl\u00e4gen pro Minute meist erst weit jenseits der 2. Laktatschwelle zu messen sind. Wir empfehlen hingegen immer wieder bei Probanden &gt; 70 Jahren eine PWC-110 zu ermitteln ( an der Beurteilung von Ergebnissen f\u00fcr Frauen und M\u00e4nnern arbeiten wir noch), da eine Herzfrequenz von 130 \/ Minute f\u00fcr schon nahe an der empfohlenen maximalen Herzfrequenz f\u00fcr die Ermittlung der VO<sub>2max<\/sub> liegt, bei 80 j\u00e4hrigen sogar schon \u00fcberschritten wird!<\/p><figure id=\"attachment_6167\" aria-describedby=\"caption-attachment-6167\" style=\"width: 982px\" class=\"wp-caption aligncenter\"><img decoding=\"async\" class=\"size-full wp-image-6167\" src=\"https:\/\/profheinen.de\/wp-content\/uploads\/2020\/12\/PWC-130.png\" alt=\"\" width=\"982\" height=\"541\" srcset=\"https:\/\/profheinen.de\/wp-content\/uploads\/2020\/12\/PWC-130.png 982w, https:\/\/profheinen.de\/wp-content\/uploads\/2020\/12\/PWC-130-300x165.png 300w, https:\/\/profheinen.de\/wp-content\/uploads\/2020\/12\/PWC-130-768x423.png 768w\" sizes=\"(max-width: 982px) 100vw, 982px\" \/><figcaption id=\"caption-attachment-6167\" class=\"wp-caption-text\">Ermittlung der Physical Working Capacity 130 bei dem probanden aus der vorherigen Abbildung. Es wird die Belastung in Watt interpoliert, die bei einer Herzfrequenz von 130 Schl\u00e4gen pro Minute erreicht wird. Diese Belastung wird durch das K\u00f6rpergewicht des Probanden dividiert ( 132 Watt \/ 75 kg; PWC = 1,76 Watt \/ kg ). Die Abbildung ist der Excel-Datei entnommen, die unter <a href=\"https:\/\/profheinen.de\/about\/downloads\/\" target=\"_blank\" rel=\"noopener\"><strong>Downloads (Kreilslauf-Test; PWC-130 Frauen; M\u00e4nner; mit oder ohne Verlauf<\/strong>)<\/a> herunter geladen werden kann.<\/figcaption><\/figure><p>Was Sie mit einem solchen Download (Excel-Datei ohne Makros) sehen k\u00f6nnen, soll Ihnen die<a href=\"https:\/\/profheinen.de\/download\/6789\/\" target=\"_blank\" rel=\"noopener\"><strong> nachfolgende PDF<\/strong><\/a> zeigen: Das Blatt &#8220;Start&#8221; zeigt Ihnen was Sie eingeben m\u00fcssen, (Anleitung unter Downloads). Die nachfolgenden Abbildungen zeigen hier zwei Kreislaufteste, die bei einer 56 j\u00e4hrigen Frau im Abstand von 9 Monaten durchgef\u00fchrt worden sind. die Abbildungen werden aus den Eingaben automatisch erzeugt. Sie k\u00f6nnen leicht die erhebliche Zunahme der PWC-130 sehen, die 9 Monate Training bei der empfohlenen Herzfrequenz 3 x pro woche f\u00fcr 30 Minuten plus ein 20 min\u00fctiger Kraftzirkel gebracht haben. Solche Daten verhelfen zur Motivation, langfristig Sport zu betreiben!<\/p><p>Als goldener Standard zur Beurteilung der k\u00f6rperlichen Leistungsf\u00e4higkeit wird die VO<sub>2max<\/sub> angesehen. Dieser Parameter wird mittels Spiroergometrie ermittelt. Er gibt an, wie viel Sauerstoff (in ml\/min\/kg K\u00f6rpergewicht) bei maximaler, k\u00f6rperlicher Belastung verbraucht wird. In gro\u00dfen Studien zeigte sich dabei eine klare Abh\u00e4ngigkeit des Parameters vom Alter und Geschlecht. In einer Studie von <a href=\"https:\/\/www-ncbi-nlm-nih-gov.eaccess.ub.tum.de\/pubmed\/?term=Reference+Standards+for+Cardiorespiratory+Fitness+Measured+With+Cardiopulmonary+Exercise+Testing+Using+Cycle+Ergometry%3A+Data+From+the+Fitness+Registry+and+the+Importance+of+Exercise+National+Database+(FRIEND)+Registry.\">Kaminsky et al (2017)<\/a> nahm die VO<sub>2max<\/sub> um 1 % pro Lebensjahr\u00a0 ab. Ein Teil der Abnahme der VO<sub>2max<\/sub> d\u00fcrfte darauf zur\u00fcck zu f\u00fchren sein, dass die maximale Herzfrequenz,\u00a0 bei der von einer Ausbelastung eines Probanden ausgegangen wird, altersabh\u00e4ngig definiert ist (90 % der Differenz aus 220 und Alter in Jahren).\u00a0 Frauen wiesen in allen Altersstufen eine eine um gut 20% geringere VO<sub>2max<\/sub> auf als M\u00e4nner.<\/p><p>Das Problem der Bestimmung der VO<sub>2max<\/sub>ist eine wirklich maximale Leistung zu erreichen. Das kann beim ehrgeizigen Probanden besonders im Anschluss an die Belastung zu erheblichen Problemen f\u00fchren. Ich selbst erinnere mich an sportmedizinische Untersuchungen, bei denen typischerweise auch eine VO<sub>2max\u00a0<\/sub>ermittelt wird, an Erbrechen, mit massiven Schwei\u00dfausbr\u00fcche direkt nach der Belastung. &#8211; Klar wollte ich beweisen, was ich noch drauf habe (Laktat 13 mmol\/l)! Solche Untersuchungen machen zur Trainingssteuerung zumindest im Gesundheitssport in meinen Augen keinen Sinn!<\/p><figure id=\"attachment_3283\" aria-describedby=\"caption-attachment-3283\" style=\"width: 450px\" class=\"wp-caption aligncenter\"><img decoding=\"async\" class=\"size-full wp-image-3283\" src=\"https:\/\/profheinen.de\/wp-content\/uploads\/2018\/04\/M\u00e4nner-PWC-130-e1524761128236.jpg\" alt=\"\" width=\"450\" height=\"338\" \/><figcaption id=\"caption-attachment-3283\" class=\"wp-caption-text\">Beurteilung der PWC 130 f\u00fcr M\u00e4nner: Hier 65 j\u00e4hriger Proband; 75 kg K\u00f6rpergewicht; Puls von 130 Schl\u00e4gen \/ Minute bei 132 Watt. Somit errechnet sich eine PWC 130 von 1,76 Watt \/ kg.<\/figcaption><\/figure><p>Auch die PWC 130 zeigt eine klare Abh\u00e4ngigkeit vom Alter und Geschlecht. In der Literatur werden allerdings meist nur untere Normwerte angegeben. In Anlehnung an die Arbeiten zur VO<sub>2max<\/sub> \u00a0haben wir in der die PWC 130 Werte f\u00fcr M\u00e4nner angepasst (-0,5 % \/ Lebensjahr, 30. LJ = 100 %).<\/p><figure id=\"attachment_3284\" aria-describedby=\"caption-attachment-3284\" style=\"width: 450px\" class=\"wp-caption aligncenter\"><img loading=\"lazy\" decoding=\"async\" class=\"size-full wp-image-3284\" src=\"https:\/\/profheinen.de\/wp-content\/uploads\/2018\/04\/Frauen-PWC-130-e1524761475570.jpg\" alt=\"\" width=\"450\" height=\"338\" \/><figcaption id=\"caption-attachment-3284\" class=\"wp-caption-text\">Beurteilung der Physical Working Capacity 130 f\u00fcr Frauen: Hier 35 j\u00e4hrige Probandin; 60 kg K\u00f6rpergewicht; Puls von 130 Schl\u00e4gen \/ Minute bei 120 Watt. Somit PWC 130 von 2,0 Watt \/ kg.<\/figcaption><\/figure><p>Die Beurteilungen der PWC f\u00fcr Frauen folgt dem der M\u00e4nner, allerdings auf einem um 20 % niedrigeren Niveau. Diese in den Abbildungen verwendete Beurteilung haben sich in der Arbeit in unserer Praxis und auch in Eva&#8217;s Fitnessstudio bew\u00e4hrt, und in der Zusammenschau mit weiteren Parametern als sinnvoll erwiesen.<\/p><p>Auf die m\u00f6gliche <a href=\"https:\/\/profheinen.de\/diagnostik\/fehlerquellen\/#hyperventilation\">Fehlerquelle<\/a> einer hohen Herzfrequenz, die nicht aus einer k\u00f6rperlichen Belastung resultiert, sei ausdr\u00fccklich noch einmal hingewiesen!<\/p>\t\t\t\t\t\t\t\t<\/div>\n\t\t\t\t<\/div>\n\t\t\t\t\t<\/div>\n\t\t<\/div>\n\t\t\t\t<div class=\"elementor-column elementor-col-33 elementor-top-column elementor-element elementor-element-3179151\" data-id=\"3179151\" data-element_type=\"column\">\n\t\t\t<div class=\"elementor-widget-wrap elementor-element-populated\">\n\t\t\t\t\t\t<div class=\"elementor-element elementor-element-126490b hfe-nav-menu__align-left hfe-submenu-icon-arrow hfe-submenu-animation-none hfe-link-redirect-child hfe-nav-menu__breakpoint-tablet elementor-widget elementor-widget-navigation-menu\" data-id=\"126490b\" data-element_type=\"widget\" data-settings=\"{&quot;padding_horizontal_menu_item&quot;:{&quot;unit&quot;:&quot;px&quot;,&quot;size&quot;:25,&quot;sizes&quot;:[]},&quot;padding_horizontal_menu_item_tablet&quot;:{&quot;unit&quot;:&quot;px&quot;,&quot;size&quot;:&quot;&quot;,&quot;sizes&quot;:[]},&quot;padding_horizontal_menu_item_mobile&quot;:{&quot;unit&quot;:&quot;px&quot;,&quot;size&quot;:&quot;&quot;,&quot;sizes&quot;:[]},&quot;padding_vertical_menu_item&quot;:{&quot;unit&quot;:&quot;px&quot;,&quot;size&quot;:15,&quot;sizes&quot;:[]},&quot;padding_vertical_menu_item_tablet&quot;:{&quot;unit&quot;:&quot;px&quot;,&quot;size&quot;:&quot;&quot;,&quot;sizes&quot;:[]},&quot;padding_vertical_menu_item_mobile&quot;:{&quot;unit&quot;:&quot;px&quot;,&quot;size&quot;:&quot;&quot;,&quot;sizes&quot;:[]},&quot;menu_space_between&quot;:{&quot;unit&quot;:&quot;px&quot;,&quot;size&quot;:&quot;&quot;,&quot;sizes&quot;:[]},&quot;menu_space_between_tablet&quot;:{&quot;unit&quot;:&quot;px&quot;,&quot;size&quot;:&quot;&quot;,&quot;sizes&quot;:[]},&quot;menu_space_between_mobile&quot;:{&quot;unit&quot;:&quot;px&quot;,&quot;size&quot;:&quot;&quot;,&quot;sizes&quot;:[]},&quot;menu_row_space&quot;:{&quot;unit&quot;:&quot;px&quot;,&quot;size&quot;:&quot;&quot;,&quot;sizes&quot;:[]},&quot;menu_row_space_tablet&quot;:{&quot;unit&quot;:&quot;px&quot;,&quot;size&quot;:&quot;&quot;,&quot;sizes&quot;:[]},&quot;menu_row_space_mobile&quot;:{&quot;unit&quot;:&quot;px&quot;,&quot;size&quot;:&quot;&quot;,&quot;sizes&quot;:[]},&quot;dropdown_border_radius&quot;:{&quot;unit&quot;:&quot;px&quot;,&quot;top&quot;:&quot;&quot;,&quot;right&quot;:&quot;&quot;,&quot;bottom&quot;:&quot;&quot;,&quot;left&quot;:&quot;&quot;,&quot;isLinked&quot;:true},&quot;dropdown_border_radius_tablet&quot;:{&quot;unit&quot;:&quot;px&quot;,&quot;top&quot;:&quot;&quot;,&quot;right&quot;:&quot;&quot;,&quot;bottom&quot;:&quot;&quot;,&quot;left&quot;:&quot;&quot;,&quot;isLinked&quot;:true},&quot;dropdown_border_radius_mobile&quot;:{&quot;unit&quot;:&quot;px&quot;,&quot;top&quot;:&quot;&quot;,&quot;right&quot;:&quot;&quot;,&quot;bottom&quot;:&quot;&quot;,&quot;left&quot;:&quot;&quot;,&quot;isLinked&quot;:true},&quot;width_dropdown_item&quot;:{&quot;unit&quot;:&quot;px&quot;,&quot;size&quot;:&quot;220&quot;,&quot;sizes&quot;:[]},&quot;width_dropdown_item_tablet&quot;:{&quot;unit&quot;:&quot;px&quot;,&quot;size&quot;:&quot;&quot;,&quot;sizes&quot;:[]},&quot;width_dropdown_item_mobile&quot;:{&quot;unit&quot;:&quot;px&quot;,&quot;size&quot;:&quot;&quot;,&quot;sizes&quot;:[]},&quot;padding_horizontal_dropdown_item&quot;:{&quot;unit&quot;:&quot;px&quot;,&quot;size&quot;:&quot;&quot;,&quot;sizes&quot;:[]},&quot;padding_horizontal_dropdown_item_tablet&quot;:{&quot;unit&quot;:&quot;px&quot;,&quot;size&quot;:&quot;&quot;,&quot;sizes&quot;:[]},&quot;padding_horizontal_dropdown_item_mobile&quot;:{&quot;unit&quot;:&quot;px&quot;,&quot;size&quot;:&quot;&quot;,&quot;sizes&quot;:[]},&quot;padding_vertical_dropdown_item&quot;:{&quot;unit&quot;:&quot;px&quot;,&quot;size&quot;:15,&quot;sizes&quot;:[]},&quot;padding_vertical_dropdown_item_tablet&quot;:{&quot;unit&quot;:&quot;px&quot;,&quot;size&quot;:&quot;&quot;,&quot;sizes&quot;:[]},&quot;padding_vertical_dropdown_item_mobile&quot;:{&quot;unit&quot;:&quot;px&quot;,&quot;size&quot;:&quot;&quot;,&quot;sizes&quot;:[]},&quot;distance_from_menu&quot;:{&quot;unit&quot;:&quot;px&quot;,&quot;size&quot;:&quot;&quot;,&quot;sizes&quot;:[]},&quot;distance_from_menu_tablet&quot;:{&quot;unit&quot;:&quot;px&quot;,&quot;size&quot;:&quot;&quot;,&quot;sizes&quot;:[]},&quot;distance_from_menu_mobile&quot;:{&quot;unit&quot;:&quot;px&quot;,&quot;size&quot;:&quot;&quot;,&quot;sizes&quot;:[]},&quot;toggle_size&quot;:{&quot;unit&quot;:&quot;px&quot;,&quot;size&quot;:&quot;&quot;,&quot;sizes&quot;:[]},&quot;toggle_size_tablet&quot;:{&quot;unit&quot;:&quot;px&quot;,&quot;size&quot;:&quot;&quot;,&quot;sizes&quot;:[]},&quot;toggle_size_mobile&quot;:{&quot;unit&quot;:&quot;px&quot;,&quot;size&quot;:&quot;&quot;,&quot;sizes&quot;:[]},&quot;toggle_border_width&quot;:{&quot;unit&quot;:&quot;px&quot;,&quot;size&quot;:&quot;&quot;,&quot;sizes&quot;:[]},&quot;toggle_border_width_tablet&quot;:{&quot;unit&quot;:&quot;px&quot;,&quot;size&quot;:&quot;&quot;,&quot;sizes&quot;:[]},&quot;toggle_border_width_mobile&quot;:{&quot;unit&quot;:&quot;px&quot;,&quot;size&quot;:&quot;&quot;,&quot;sizes&quot;:[]},&quot;toggle_border_radius&quot;:{&quot;unit&quot;:&quot;px&quot;,&quot;size&quot;:&quot;&quot;,&quot;sizes&quot;:[]},&quot;toggle_border_radius_tablet&quot;:{&quot;unit&quot;:&quot;px&quot;,&quot;size&quot;:&quot;&quot;,&quot;sizes&quot;:[]},&quot;toggle_border_radius_mobile&quot;:{&quot;unit&quot;:&quot;px&quot;,&quot;size&quot;:&quot;&quot;,&quot;sizes&quot;:[]}}\" data-widget_type=\"navigation-menu.default\">\n\t\t\t\t<div class=\"elementor-widget-container\">\n\t\t\t\t\t\t\t\t<div class=\"hfe-nav-menu hfe-layout-horizontal hfe-nav-menu-layout horizontal hfe-pointer__none\" data-layout=\"horizontal\">\n\t\t\t\t<div role=\"button\" class=\"hfe-nav-menu__toggle elementor-clickable\">\n\t\t\t\t\t<span class=\"screen-reader-text\">Menu<\/span>\n\t\t\t\t\t<div class=\"hfe-nav-menu-icon\">\n\t\t\t\t\t\t<i aria-hidden=\"true\"  class=\"fas fa-align-justify\"><\/i>\t\t\t\t\t<\/div>\n\t\t\t\t<\/div>\n\t\t\t\t<nav class=\"hfe-nav-menu__layout-horizontal hfe-nav-menu__submenu-arrow\" data-toggle-icon=\"&lt;i aria-hidden=&quot;true&quot; tabindex=&quot;0&quot; class=&quot;fas fa-align-justify&quot;&gt;&lt;\/i&gt;\" data-close-icon=\"&lt;i aria-hidden=&quot;true&quot; tabindex=&quot;0&quot; class=&quot;far fa-window-close&quot;&gt;&lt;\/i&gt;\" data-full-width=\"yes\">\n\t\t\t\t\t<ul id=\"menu-1-126490b\" class=\"hfe-nav-menu\"><li id=\"menu-item-10029\" class=\"menu-item menu-item-type-post_type menu-item-object-page parent hfe-creative-menu\"><a href=\"https:\/\/profheinen.de\/en\/diagnostics\/\" class = \"hfe-menu-item\">Diagnostics<\/a><\/li>\n<li id=\"menu-item-10311\" class=\"menu-item menu-item-type-post_type menu-item-object-page parent hfe-creative-menu\"><a href=\"https:\/\/profheinen.de\/en\/diagnostics\/body-composition\/\" class = \"hfe-menu-item\">body-composition<\/a><\/li>\n<li id=\"menu-item-10030\" class=\"menu-item menu-item-type-post_type menu-item-object-page parent hfe-creative-menu\"><a href=\"https:\/\/profheinen.de\/en\/diagnostics\/physical-working-capacity-130\/\" class = \"hfe-menu-item\">Physical working capacity 130<\/a><\/li>\n<li id=\"menu-item-10026\" class=\"menu-item menu-item-type-post_type menu-item-object-page parent hfe-creative-menu\"><a href=\"https:\/\/profheinen.de\/en\/diagnostics\/lactate-test\/\" class = \"hfe-menu-item\">Lactate test<\/a><\/li>\n<li id=\"menu-item-10025\" class=\"menu-item menu-item-type-post_type menu-item-object-page parent hfe-creative-menu\"><a href=\"https:\/\/profheinen.de\/en\/diagnostics\/spiroergometry\/\" class = \"hfe-menu-item\">Spiroergometry<\/a><\/li>\n<\/ul> \n\t\t\t\t<\/nav>\n\t\t\t<\/div>\n\t\t\t\t\t\t\t<\/div>\n\t\t\t\t<\/div>\n\t\t\t\t\t<\/div>\n\t\t<\/div>\n\t\t\t\t\t<\/div>\n\t\t<\/section>\n\t\t\t\t<\/div>\n\t\t","protected":false},"excerpt":{"rendered":"<p>Physical Working Capacity 130 &#8211; PWC 130 Unter der Physical Working Capacity 130 versteht man, wieviel Watt eine Person bei einer Herzfrequenz von 130 Herzschl\u00e4gen pro Minute zu leisten in der Lage ist. Dieser Parameter ist weitgehend von der Willk\u00fcr der untersuchten Person unabh\u00e4ngig und eignet sich deswegen auch hervorragend zur gutachterlichen Beurteilung der k\u00f6rperlichen [&hellip;]<\/p>\n","protected":false},"author":2,"featured_media":0,"parent":8608,"menu_order":0,"comment_status":"open","ping_status":"closed","template":"","meta":{"_custom_body_class":"","_custom_post_class":"","om_disable_all_campaigns":false,"_monsterinsights_skip_tracking":false,"_monsterinsights_sitenote_active":false,"_monsterinsights_sitenote_note":"","_monsterinsights_sitenote_category":0,"_uf_show_specific_survey":0,"_uf_disable_surveys":false,"site-sidebar-layout":"default","site-content-layout":"default","ast-site-content-layout":"","site-content-style":"default","site-sidebar-style":"default","ast-global-header-display":"","ast-banner-title-visibility":"","ast-main-header-display":"","ast-hfb-above-header-display":"","ast-hfb-below-header-display":"","ast-hfb-mobile-header-display":"","site-post-title":"disabled","ast-breadcrumbs-content":"","ast-featured-img":"","footer-sml-layout":"","theme-transparent-header-meta":"default","adv-header-id-meta":"","stick-header-meta":"default","header-above-stick-meta":"","header-main-stick-meta":"","header-below-stick-meta":"","astra-migrate-meta-layouts":"default","ast-page-background-enabled":"default","ast-page-background-meta":{"desktop":{"background-color":"","background-image":"","background-repeat":"repeat","background-position":"center center","background-size":"auto","background-attachment":"scroll","background-type":"","background-media":"","overlay-type":"","overlay-color":"","overlay-opacity":"","overlay-gradient":""},"tablet":{"background-color":"","background-image":"","background-repeat":"repeat","background-position":"center center","background-size":"auto","background-attachment":"scroll","background-type":"","background-media":"","overlay-type":"","overlay-color":"","overlay-opacity":"","overlay-gradient":""},"mobile":{"background-color":"","background-image":"","background-repeat":"repeat","background-position":"center center","background-size":"auto","background-attachment":"scroll","background-type":"","background-media":"","overlay-type":"","overlay-color":"","overlay-opacity":"","overlay-gradient":""}},"ast-content-background-meta":{"desktop":{"background-color":"var(--ast-global-color-5)","background-image":"","background-repeat":"repeat","background-position":"center center","background-size":"auto","background-attachment":"scroll","background-type":"","background-media":"","overlay-type":"","overlay-color":"","overlay-opacity":"","overlay-gradient":""},"tablet":{"background-color":"var(--ast-global-color-5)","background-image":"","background-repeat":"repeat","background-position":"center center","background-size":"auto","background-attachment":"scroll","background-type":"","background-media":"","overlay-type":"","overlay-color":"","overlay-opacity":"","overlay-gradient":""},"mobile":{"background-color":"var(--ast-global-color-5)","background-image":"","background-repeat":"repeat","background-position":"center center","background-size":"auto","background-attachment":"scroll","background-type":"","background-media":"","overlay-type":"","overlay-color":"","overlay-opacity":"","overlay-gradient":""}},"footnotes":""},"class_list":["post-8581","page","type-page","status-publish","hentry"],"aioseo_notices":[],"_links":{"self":[{"href":"https:\/\/profheinen.de\/en\/wp-json\/wp\/v2\/pages\/8581","targetHints":{"allow":["GET"]}}],"collection":[{"href":"https:\/\/profheinen.de\/en\/wp-json\/wp\/v2\/pages"}],"about":[{"href":"https:\/\/profheinen.de\/en\/wp-json\/wp\/v2\/types\/page"}],"author":[{"embeddable":true,"href":"https:\/\/profheinen.de\/en\/wp-json\/wp\/v2\/users\/2"}],"replies":[{"embeddable":true,"href":"https:\/\/profheinen.de\/en\/wp-json\/wp\/v2\/comments?post=8581"}],"version-history":[{"count":0,"href":"https:\/\/profheinen.de\/en\/wp-json\/wp\/v2\/pages\/8581\/revisions"}],"up":[{"embeddable":true,"href":"https:\/\/profheinen.de\/en\/wp-json\/wp\/v2\/pages\/8608"}],"wp:attachment":[{"href":"https:\/\/profheinen.de\/en\/wp-json\/wp\/v2\/media?parent=8581"}],"curies":[{"name":"wp","href":"https:\/\/api.w.org\/{rel}","templated":true}]}}