{"id":8596,"date":"2017-09-16T22:52:33","date_gmt":"2017-09-16T20:52:33","guid":{"rendered":"https:\/\/profheinen.de\/adaptation-of-the-training-heart-rate-according-to-the-lactate-in-the-steady-state\/"},"modified":"2025-05-06T12:23:58","modified_gmt":"2025-05-06T10:23:58","slug":"adaptation-of-the-training-heart-rate-according-to-the-lactate-in-the-steady-state","status":"publish","type":"page","link":"https:\/\/profheinen.de\/en\/training\/adaptation-of-the-training-heart-rate-according-to-the-lactate-in-the-steady-state\/","title":{"rendered":"Adaptation of the training heart rate according to the lactate in the steady state"},"content":{"rendered":"\t\t<div data-elementor-type=\"wp-page\" data-elementor-id=\"8596\" class=\"elementor elementor-8596 elementor-2766\" data-elementor-post-type=\"page\">\n\t\t\t\t\t\t<section class=\"elementor-section elementor-top-section elementor-element elementor-element-6e389da elementor-section-boxed elementor-section-height-default elementor-section-height-default\" data-id=\"6e389da\" data-element_type=\"section\">\n\t\t\t\t\t\t<div class=\"elementor-container elementor-column-gap-default\">\n\t\t\t\t\t<div class=\"elementor-column elementor-col-66 elementor-top-column elementor-element elementor-element-e8217ed\" data-id=\"e8217ed\" data-element_type=\"column\">\n\t\t\t<div class=\"elementor-widget-wrap elementor-element-populated\">\n\t\t\t\t\t\t<div class=\"elementor-element elementor-element-18dc4a5 elementor-widget elementor-widget-text-editor\" data-id=\"18dc4a5\" data-element_type=\"widget\" data-widget_type=\"text-editor.default\">\n\t\t\t\t<div class=\"elementor-widget-container\">\n\t\t\t\t\t\t\t\t\t<h1>Anpassung der Trainingsherzfrequenz nach dem Laktat im Steady State<\/h1><p>Genau so wichtig, wie der Start eines Ausdauertrainings mit der richtigen Herzfrequenz, ist die Anpassung der Herzfrequenz an den Erfolg des Trainings.<\/p><p>Als erste Reaktion auf einen ausreichenden Trainingsimpuls kommt es zu einer Erh\u00f6hung des Schlagvolumens des Herzens. Damit kann das Herz bei einer gegebenen Frequenz mehr Blut den Muskeln anbieten. Als Konsequenz k\u00f6nnen Sie bei der gleichen Herzfrequenz eine gr\u00f6\u00dfere Strecke zur\u00fccklegen, mehr Kalorien pro Zeiteinheit verbrauchen.<\/p><p>Viele trainieren mit einer vorgegebenen Lauf- oder Fahrgeschwindigkeit. Bei diesem Vorgehen wird die Herzfrequenz bei gleicher Geschwindigkeit der Bewegung abnehmen. Die Steigerung der Leistung bei gleicher Herzfrequenz ist ein wichtiges Argument daf\u00fcr, die Herzfrequenz, nicht die Geschwindigkeit beim Ausdauertraining als Stellgr\u00f6\u00dfe zu verwenden.<\/p><p>Der Trainingseffekt an der Muskulatur macht sich in Form einer Erh\u00f6hung der Muskeldurchblutung, einer erh\u00f6hten Aufnahme von Sauerstoff in die Muskelzellen, eine erh\u00f6hte Verwertung von Substrat und Sauerstoff in den Mitochondrien, den Kraftwerken der Zellen und in einer vermehrten Produktion von Muskelprotein bemerkbar.<\/p><p><img fetchpriority=\"high\" decoding=\"async\" class=\"size-full wp-image-3273 aligncenter\" src=\"https:\/\/profheinen.de\/wp-content\/uploads\/2018\/04\/Rechtsverschiebung-Laktat-Kurve-e1523880473943.gif\" alt=\"\" width=\"450\" height=\"338\" \/><\/p><p>Das gestiegene Sauerstoffangebot und die bessere Verwertung des Sauerstoffs f\u00fchren dazu, dass bei gleicher Herzfrequenz weniger Laktat gebildet wird. Es kommt zu einer &#8220;Rechtsverschiebung der Laktatkurve&#8221;. Je nach Trainingszustand zu Beginn, kann schon nach wenigen Trainingseinheiten bei der gleichen Herzfrequenz der Laktat-Anstieg ausbleiben. Jetzt ist es Zeit, die Trainingsherzfrequenz zu erh\u00f6hen!<\/p><p>Also wieder ein Laktat-Test? Meines Erachtens reicht es an dieser Stelle aus, das Laktat bei dem Trainierenden\u00a0 zu bestimmen, wenn er 10 Minuten bei der empfohlenen Herzfrequenz trainiert hat. Findet sich kein Laktat-Anstieg mehr im Vergleich zum Ruhewert aus dem Laktat-Test, so sollte die empfohlene Trainingsherzfrequenz um 5 &#8211; 10 Schl\u00e4ge \/ min gesteigert werden. Mit einer 2. Kontrolle des Laktats 10 Minuten bei Einhaltung der neuen Trainingsherzfrequenz kann gegebenenfalls weiter nachjustiert werden.<\/p><figure id=\"attachment_3374\" aria-describedby=\"caption-attachment-3374\" style=\"width: 450px\" class=\"wp-caption aligncenter\"><img decoding=\"async\" class=\"size-full wp-image-3374\" src=\"https:\/\/profheinen.de\/wp-content\/uploads\/2018\/08\/Anpassungen-e1534324909336.jpg\" alt=\"\" width=\"450\" height=\"338\" \/><figcaption id=\"caption-attachment-3374\" class=\"wp-caption-text\">Das Bild zeigt den Trainingsverlauf bei einer 40 j\u00e4hrigen, 59 kg schweren Patientin. Nach dem Laktat-Test wurde ihr empfohlen, bei einer Herzfrequenz von 123 Schl\u00e4gen pro Minute etwa 30 Minuten lang, 3 x \/ Woche zu trainieren. Nach 2 Wochen Zunahme der Leistung um 8 %; das Laktat war auf Werte wie in Ruhe abgefallen. Daraufhin wurde ihr empfohlen, die Trainingsherzfrequenz auf 130 Schl\u00e4ge \/ min zu steigern. Die Leistung stieg bei der am gleichen Tag durchgef\u00fchrten Kontrolle auf 125% des Ausgangswertes, das Laktat im Steady State war wieder mit 2,0 mmol\/l zu messen. Nach weiteren zwei Wochen unter diesen Trainingsbedingungen: Anstieg der Leistung um 33 %, das Laktat mit 1,8 mmol\/l im erw\u00fcnschten Bereich.<\/figcaption><\/figure><p>Die oben gezeigte Abbildung macht deutlich, dass mit einer Anpassung der Trainingsherzfrequenz an das Laktat im Steady State nicht nur eine viel intensivere Leistungssteigerung zu erwarten ist, sondern auch das Laktat im Training im erw\u00fcnschten Korridor bleibt. Die positiven Effekte des Trainings auf den Gesamt-Organismus bleiben erhalten<\/p><p>Wie oft sollte man den &#8220;Mini-Laktat-Test&#8221; wiederholen?<\/p><p>Das h\u00e4ngt sicherlich vom Trainingszustand und von der eingehaltenen Trainingsfrequenz ab, sowie von Willen des Probanden: Wer schnell eine m\u00f6glichst hohe Leistungsf\u00e4higkeit erreichen will, wird h\u00e4ufiger trainieren. Damit ist davon auszugehen, dass seine Leistungsf\u00e4higkeit fr\u00fcher ansteigt, seine Herzfrequenz fr\u00fcher gesteigert werden kann, als bei jemandem, der selten \/ Woche trainiert.<\/p><p>In der 3. <a href=\"https:\/\/profheinen.de\/training\/herzfrequenzgesteuertes-ausdauertraining\/#ankera\">Abbildung<\/a> aus dem herzfrequenzgesteuertes Ausdauertraining,\u00a0 war die Patientin in einem sehr schlechten Ausgangszustand, wollte sich rasch verbessern und hat t\u00e4glich trainiert. Bei Ihr konnte man bei w\u00f6chentlichen Testen die Herzfrequenz anpassen. Bei der obigen Probandin fanden wir bei 3 maligem Training \/ Woche schon nach 2 Wochen keinen Anstieg des Laktats mehr. Regeln zu einer zu empfehlenden Testfrequenz lassen sich derzeit noch nicht sicher ableiten.<\/p><p>Bleibt bei 2 Testen und bei unver\u00e4ndertem Trainingsverhalten der optimale Laktat-Anstieg bei der gleichen Trainingsherzfrequenz erhalten, so hat man aus gesundheitlicher Sicht &#8211; zumindest f\u00fcr l\u00e4ngere Zeit &#8211; seine optimale Trainingsherzfrequenz gefunden. Die Meisten, die \u00fcber lange Zeit trainieren entwickeln auch ein Gef\u00fchl daf\u00fcr, welche Belastung ihnen gut tut, welche zu gering oder auch zu hoch ist.<\/p>\t\t\t\t\t\t\t\t<\/div>\n\t\t\t\t<\/div>\n\t\t\t\t\t<\/div>\n\t\t<\/div>\n\t\t\t\t<div class=\"elementor-column elementor-col-33 elementor-top-column elementor-element elementor-element-8414d65\" data-id=\"8414d65\" data-element_type=\"column\">\n\t\t\t<div class=\"elementor-widget-wrap elementor-element-populated\">\n\t\t\t\t\t\t<div class=\"elementor-element elementor-element-276f587 hfe-nav-menu__align-left hfe-submenu-icon-arrow hfe-submenu-animation-none hfe-link-redirect-child hfe-nav-menu__breakpoint-tablet elementor-widget elementor-widget-navigation-menu\" data-id=\"276f587\" data-element_type=\"widget\" data-settings=\"{&quot;padding_horizontal_menu_item&quot;:{&quot;unit&quot;:&quot;px&quot;,&quot;size&quot;:15,&quot;sizes&quot;:[]},&quot;padding_horizontal_menu_item_tablet&quot;:{&quot;unit&quot;:&quot;px&quot;,&quot;size&quot;:&quot;&quot;,&quot;sizes&quot;:[]},&quot;padding_horizontal_menu_item_mobile&quot;:{&quot;unit&quot;:&quot;px&quot;,&quot;size&quot;:&quot;&quot;,&quot;sizes&quot;:[]},&quot;padding_vertical_menu_item&quot;:{&quot;unit&quot;:&quot;px&quot;,&quot;size&quot;:15,&quot;sizes&quot;:[]},&quot;padding_vertical_menu_item_tablet&quot;:{&quot;unit&quot;:&quot;px&quot;,&quot;size&quot;:&quot;&quot;,&quot;sizes&quot;:[]},&quot;padding_vertical_menu_item_mobile&quot;:{&quot;unit&quot;:&quot;px&quot;,&quot;size&quot;:&quot;&quot;,&quot;sizes&quot;:[]},&quot;menu_space_between&quot;:{&quot;unit&quot;:&quot;px&quot;,&quot;size&quot;:&quot;&quot;,&quot;sizes&quot;:[]},&quot;menu_space_between_tablet&quot;:{&quot;unit&quot;:&quot;px&quot;,&quot;size&quot;:&quot;&quot;,&quot;sizes&quot;:[]},&quot;menu_space_between_mobile&quot;:{&quot;unit&quot;:&quot;px&quot;,&quot;size&quot;:&quot;&quot;,&quot;sizes&quot;:[]},&quot;menu_row_space&quot;:{&quot;unit&quot;:&quot;px&quot;,&quot;size&quot;:&quot;&quot;,&quot;sizes&quot;:[]},&quot;menu_row_space_tablet&quot;:{&quot;unit&quot;:&quot;px&quot;,&quot;size&quot;:&quot;&quot;,&quot;sizes&quot;:[]},&quot;menu_row_space_mobile&quot;:{&quot;unit&quot;:&quot;px&quot;,&quot;size&quot;:&quot;&quot;,&quot;sizes&quot;:[]},&quot;dropdown_border_radius&quot;:{&quot;unit&quot;:&quot;px&quot;,&quot;top&quot;:&quot;&quot;,&quot;right&quot;:&quot;&quot;,&quot;bottom&quot;:&quot;&quot;,&quot;left&quot;:&quot;&quot;,&quot;isLinked&quot;:true},&quot;dropdown_border_radius_tablet&quot;:{&quot;unit&quot;:&quot;px&quot;,&quot;top&quot;:&quot;&quot;,&quot;right&quot;:&quot;&quot;,&quot;bottom&quot;:&quot;&quot;,&quot;left&quot;:&quot;&quot;,&quot;isLinked&quot;:true},&quot;dropdown_border_radius_mobile&quot;:{&quot;unit&quot;:&quot;px&quot;,&quot;top&quot;:&quot;&quot;,&quot;right&quot;:&quot;&quot;,&quot;bottom&quot;:&quot;&quot;,&quot;left&quot;:&quot;&quot;,&quot;isLinked&quot;:true},&quot;width_dropdown_item&quot;:{&quot;unit&quot;:&quot;px&quot;,&quot;size&quot;:&quot;220&quot;,&quot;sizes&quot;:[]},&quot;width_dropdown_item_tablet&quot;:{&quot;unit&quot;:&quot;px&quot;,&quot;size&quot;:&quot;&quot;,&quot;sizes&quot;:[]},&quot;width_dropdown_item_mobile&quot;:{&quot;unit&quot;:&quot;px&quot;,&quot;size&quot;:&quot;&quot;,&quot;sizes&quot;:[]},&quot;padding_horizontal_dropdown_item&quot;:{&quot;unit&quot;:&quot;px&quot;,&quot;size&quot;:&quot;&quot;,&quot;sizes&quot;:[]},&quot;padding_horizontal_dropdown_item_tablet&quot;:{&quot;unit&quot;:&quot;px&quot;,&quot;size&quot;:&quot;&quot;,&quot;sizes&quot;:[]},&quot;padding_horizontal_dropdown_item_mobile&quot;:{&quot;unit&quot;:&quot;px&quot;,&quot;size&quot;:&quot;&quot;,&quot;sizes&quot;:[]},&quot;padding_vertical_dropdown_item&quot;:{&quot;unit&quot;:&quot;px&quot;,&quot;size&quot;:15,&quot;sizes&quot;:[]},&quot;padding_vertical_dropdown_item_tablet&quot;:{&quot;unit&quot;:&quot;px&quot;,&quot;size&quot;:&quot;&quot;,&quot;sizes&quot;:[]},&quot;padding_vertical_dropdown_item_mobile&quot;:{&quot;unit&quot;:&quot;px&quot;,&quot;size&quot;:&quot;&quot;,&quot;sizes&quot;:[]},&quot;distance_from_menu&quot;:{&quot;unit&quot;:&quot;px&quot;,&quot;size&quot;:&quot;&quot;,&quot;sizes&quot;:[]},&quot;distance_from_menu_tablet&quot;:{&quot;unit&quot;:&quot;px&quot;,&quot;size&quot;:&quot;&quot;,&quot;sizes&quot;:[]},&quot;distance_from_menu_mobile&quot;:{&quot;unit&quot;:&quot;px&quot;,&quot;size&quot;:&quot;&quot;,&quot;sizes&quot;:[]},&quot;toggle_size&quot;:{&quot;unit&quot;:&quot;px&quot;,&quot;size&quot;:&quot;&quot;,&quot;sizes&quot;:[]},&quot;toggle_size_tablet&quot;:{&quot;unit&quot;:&quot;px&quot;,&quot;size&quot;:&quot;&quot;,&quot;sizes&quot;:[]},&quot;toggle_size_mobile&quot;:{&quot;unit&quot;:&quot;px&quot;,&quot;size&quot;:&quot;&quot;,&quot;sizes&quot;:[]},&quot;toggle_border_width&quot;:{&quot;unit&quot;:&quot;px&quot;,&quot;size&quot;:&quot;&quot;,&quot;sizes&quot;:[]},&quot;toggle_border_width_tablet&quot;:{&quot;unit&quot;:&quot;px&quot;,&quot;size&quot;:&quot;&quot;,&quot;sizes&quot;:[]},&quot;toggle_border_width_mobile&quot;:{&quot;unit&quot;:&quot;px&quot;,&quot;size&quot;:&quot;&quot;,&quot;sizes&quot;:[]},&quot;toggle_border_radius&quot;:{&quot;unit&quot;:&quot;px&quot;,&quot;size&quot;:&quot;&quot;,&quot;sizes&quot;:[]},&quot;toggle_border_radius_tablet&quot;:{&quot;unit&quot;:&quot;px&quot;,&quot;size&quot;:&quot;&quot;,&quot;sizes&quot;:[]},&quot;toggle_border_radius_mobile&quot;:{&quot;unit&quot;:&quot;px&quot;,&quot;size&quot;:&quot;&quot;,&quot;sizes&quot;:[]}}\" data-widget_type=\"navigation-menu.default\">\n\t\t\t\t<div class=\"elementor-widget-container\">\n\t\t\t\t\t\t\t\t<div class=\"hfe-nav-menu hfe-layout-horizontal hfe-nav-menu-layout horizontal hfe-pointer__none\" data-layout=\"horizontal\">\n\t\t\t\t<div role=\"button\" class=\"hfe-nav-menu__toggle elementor-clickable\">\n\t\t\t\t\t<span class=\"screen-reader-text\">Menu<\/span>\n\t\t\t\t\t<div class=\"hfe-nav-menu-icon\">\n\t\t\t\t\t\t<i aria-hidden=\"true\"  class=\"fas fa-align-justify\"><\/i>\t\t\t\t\t<\/div>\n\t\t\t\t<\/div>\n\t\t\t\t<nav class=\"hfe-nav-menu__layout-horizontal hfe-nav-menu__submenu-arrow\" data-toggle-icon=\"&lt;i aria-hidden=&quot;true&quot; tabindex=&quot;0&quot; class=&quot;fas fa-align-justify&quot;&gt;&lt;\/i&gt;\" data-close-icon=\"&lt;i aria-hidden=&quot;true&quot; tabindex=&quot;0&quot; class=&quot;far fa-window-close&quot;&gt;&lt;\/i&gt;\" data-full-width=\"yes\">\n\t\t\t\t\t<ul id=\"menu-1-276f587\" class=\"hfe-nav-menu\"><li id=\"menu-item-3320\" class=\"menu-item menu-item-type-post_type menu-item-object-page parent hfe-creative-menu\"><a href=\"https:\/\/profheinen.de\/training-2\/steuerung-des-ausdauertrainings\/\" class = \"hfe-menu-item\">Control of endurance training<\/a><\/li>\n<li id=\"menu-item-2807\" class=\"menu-item menu-item-type-post_type menu-item-object-page parent hfe-creative-menu\"><a href=\"https:\/\/profheinen.de\/training-2\/herzfrequenzgesteuertes-ausdauertraining\/\" class = \"hfe-menu-item\">Heart rate-controlled endurance training<\/a><\/li>\n<li id=\"menu-item-2808\" class=\"menu-item menu-item-type-post_type menu-item-object-page parent hfe-creative-menu\"><a href=\"https:\/\/profheinen.de\/training-2\/anpassung-der-trainingsherzfrequenz-nach-dem-laktat-im-steady-state\/\" class = \"hfe-menu-item\">Adaptation of the training heart rate according to the lactate in the steady state<\/a><\/li>\n<li id=\"menu-item-3357\" class=\"menu-item menu-item-type-post_type menu-item-object-page parent hfe-creative-menu\"><a href=\"https:\/\/profheinen.de\/training-2\/qualitaet-der-trainer\/\" class = \"hfe-menu-item\">Quality of the trainers<\/a><\/li>\n<li id=\"menu-item-4487\" class=\"menu-item menu-item-type-post_type menu-item-object-page parent hfe-creative-menu\"><a href=\"https:\/\/profheinen.de\/training-2\/qualitaet-von-fitnessstudios\/\" class = \"hfe-menu-item\">Quality of fitness studios<\/a><\/li>\n<\/ul> \n\t\t\t\t<\/nav>\n\t\t\t<\/div>\n\t\t\t\t\t\t\t<\/div>\n\t\t\t\t<\/div>\n\t\t\t\t\t<\/div>\n\t\t<\/div>\n\t\t\t\t\t<\/div>\n\t\t<\/section>\n\t\t\t\t<\/div>\n\t\t","protected":false},"excerpt":{"rendered":"<p>Anpassung der Trainingsherzfrequenz nach dem Laktat im Steady State Genau so wichtig, wie der Start eines Ausdauertrainings mit der richtigen Herzfrequenz, ist die Anpassung der Herzfrequenz an den Erfolg des Trainings. Als erste Reaktion auf einen ausreichenden Trainingsimpuls kommt es zu einer Erh\u00f6hung des Schlagvolumens des Herzens. Damit kann das Herz bei einer gegebenen Frequenz [&hellip;]<\/p>\n","protected":false},"author":2,"featured_media":0,"parent":8623,"menu_order":0,"comment_status":"closed","ping_status":"closed","template":"","meta":{"_custom_body_class":"","_custom_post_class":"","om_disable_all_campaigns":false,"_monsterinsights_skip_tracking":false,"_monsterinsights_sitenote_active":false,"_monsterinsights_sitenote_note":"","_monsterinsights_sitenote_category":0,"_uf_show_specific_survey":0,"_uf_disable_surveys":false,"site-sidebar-layout":"default","site-content-layout":"default","ast-site-content-layout":"","site-content-style":"default","site-sidebar-style":"default","ast-global-header-display":"","ast-banner-title-visibility":"","ast-main-header-display":"","ast-hfb-above-header-display":"","ast-hfb-below-header-display":"","ast-hfb-mobile-header-display":"","site-post-title":"disabled","ast-breadcrumbs-content":"","ast-featured-img":"","footer-sml-layout":"","theme-transparent-header-meta":"default","adv-header-id-meta":"","stick-header-meta":"","header-above-stick-meta":"","header-main-stick-meta":"","header-below-stick-meta":"","astra-migrate-meta-layouts":"default","ast-page-background-enabled":"default","ast-page-background-meta":{"desktop":{"background-color":"","background-image":"","background-repeat":"repeat","background-position":"center center","background-size":"auto","background-attachment":"scroll","background-type":"","background-media":"","overlay-type":"","overlay-color":"","overlay-opacity":"","overlay-gradient":""},"tablet":{"background-color":"","background-image":"","background-repeat":"repeat","background-position":"center center","background-size":"auto","background-attachment":"scroll","background-type":"","background-media":"","overlay-type":"","overlay-color":"","overlay-opacity":"","overlay-gradient":""},"mobile":{"background-color":"","background-image":"","background-repeat":"repeat","background-position":"center center","background-size":"auto","background-attachment":"scroll","background-type":"","background-media":"","overlay-type":"","overlay-color":"","overlay-opacity":"","overlay-gradient":""}},"ast-content-background-meta":{"desktop":{"background-color":"var(--ast-global-color-5)","background-image":"","background-repeat":"repeat","background-position":"center center","background-size":"auto","background-attachment":"scroll","background-type":"","background-media":"","overlay-type":"","overlay-color":"","overlay-opacity":"","overlay-gradient":""},"tablet":{"background-color":"var(--ast-global-color-5)","background-image":"","background-repeat":"repeat","background-position":"center center","background-size":"auto","background-attachment":"scroll","background-type":"","background-media":"","overlay-type":"","overlay-color":"","overlay-opacity":"","overlay-gradient":""},"mobile":{"background-color":"var(--ast-global-color-5)","background-image":"","background-repeat":"repeat","background-position":"center center","background-size":"auto","background-attachment":"scroll","background-type":"","background-media":"","overlay-type":"","overlay-color":"","overlay-opacity":"","overlay-gradient":""}},"footnotes":""},"class_list":["post-8596","page","type-page","status-publish","hentry"],"aioseo_notices":[],"_links":{"self":[{"href":"https:\/\/profheinen.de\/en\/wp-json\/wp\/v2\/pages\/8596","targetHints":{"allow":["GET"]}}],"collection":[{"href":"https:\/\/profheinen.de\/en\/wp-json\/wp\/v2\/pages"}],"about":[{"href":"https:\/\/profheinen.de\/en\/wp-json\/wp\/v2\/types\/page"}],"author":[{"embeddable":true,"href":"https:\/\/profheinen.de\/en\/wp-json\/wp\/v2\/users\/2"}],"replies":[{"embeddable":true,"href":"https:\/\/profheinen.de\/en\/wp-json\/wp\/v2\/comments?post=8596"}],"version-history":[{"count":0,"href":"https:\/\/profheinen.de\/en\/wp-json\/wp\/v2\/pages\/8596\/revisions"}],"up":[{"embeddable":true,"href":"https:\/\/profheinen.de\/en\/wp-json\/wp\/v2\/pages\/8623"}],"wp:attachment":[{"href":"https:\/\/profheinen.de\/en\/wp-json\/wp\/v2\/media?parent=8596"}],"curies":[{"name":"wp","href":"https:\/\/api.w.org\/{rel}","templated":true}]}}