{"id":8597,"date":"2017-07-27T14:57:39","date_gmt":"2017-07-27T12:57:39","guid":{"rendered":"https:\/\/profheinen.de\/physical-performance-and-lifespan\/"},"modified":"2025-04-29T18:04:10","modified_gmt":"2025-04-29T16:04:10","slug":"physical-performance-and-lifespan","status":"publish","type":"page","link":"https:\/\/profheinen.de\/en\/sport-exercise\/physical-performance-and-lifespan\/","title":{"rendered":"Physical performance and lifespan"},"content":{"rendered":"\t\t<div data-elementor-type=\"wp-page\" data-elementor-id=\"8597\" class=\"elementor elementor-8597 elementor-2727\" data-elementor-post-type=\"page\">\n\t\t\t\t\t\t<section class=\"elementor-section elementor-top-section elementor-element elementor-element-e8d9870 elementor-section-boxed elementor-section-height-default elementor-section-height-default\" data-id=\"e8d9870\" data-element_type=\"section\">\n\t\t\t\t\t\t<div class=\"elementor-container elementor-column-gap-default\">\n\t\t\t\t\t<div class=\"elementor-column elementor-col-66 elementor-top-column elementor-element elementor-element-2fc86ac\" data-id=\"2fc86ac\" data-element_type=\"column\">\n\t\t\t<div class=\"elementor-widget-wrap elementor-element-populated\">\n\t\t\t\t\t\t<div class=\"elementor-element elementor-element-b39c998 elementor-widget elementor-widget-text-editor\" data-id=\"b39c998\" data-element_type=\"widget\" data-widget_type=\"text-editor.default\">\n\t\t\t\t<div class=\"elementor-widget-container\">\n\t\t\t\t\t\t\t\t\t<h1>K\u00f6rperliche Leistungsf\u00e4higkeit und Lebensdauer<\/h1><p>\u00a0<\/p><p>Zu diesem Thema gibt es eine Unzahl von Untersuchungen. Alle zeigen \u00fcbereinstimmend, dass die k\u00f6rperliche Leistungsf\u00e4higkeit eindeutig mit der Lebensdauer korreliert! H\u00e4tten wir in der Medizin irgendein Arzneimittel, bei dessen Einnahme sich auch nur eine Halbierung des Sterberisikos zeigte, dann w\u00fcrde praktisch jeder diese Arznei einnehmen. Meist sind wir in der Medizin stolz, wenn die Einnahme eines Medikamentes einen Surrogatparameter &#8211; z.B. das Cholesterin &#8211; senkt. Wenn dann auch noch das Risiko zu versterben signifikant &#8211; wenn auch nur um wenige Prozent &#8211; abnimmt, so empfehlen wir die Einnahme.<\/p><h2>Fitness und Lebensdauer<\/h2><p><img fetchpriority=\"high\" decoding=\"async\" class=\"size-full wp-image-2597 aligncenter\" src=\"https:\/\/profheinen.de\/wp-content\/uploads\/2017\/05\/Laukkanen-e1494189560714.jpg\" alt=\"\" width=\"550\" height=\"492\" \/>Als Beispiel f\u00fcr Untersuchungen zum Zusammenhang zwischen Leistungsf\u00e4higkeit und Lebensdauer m\u00f6chte ich Sie mit Ergebnissen von <a href=\"https:\/\/jamanetwork.com\/journals\/jamainternalmedicine\/fullarticle\/647696\">Laukkanen et al<\/a>. bekannt machen, der\u00a0schon vor vielen Jahren zeigen konnte, dass das Risiko zu versterben, eindeutig\u00a0abh\u00e4ngig\u00a0ist\u00a0von der maximalen k\u00f6rperlichen Leistungsf\u00e4higkeit. 2682 M\u00e4nner zwischen 42 \u2013 61 Jahren wurden in die Studie eingeschlossen. Der Beobachtungszeitraum betrug 5 Jahre. M\u00e4nner, die weniger als 7,9 METs maximale k\u00f6rperliche Leistungsf\u00e4higkeit aufwiesen, hatten ein viermal !!!! h\u00f6heres Risiko, im dem Beobachtungszeitraum zu versterben, als diejenigen, die eine maximale k\u00f6rperliche Leistungsf\u00e4higkeit von &gt; 10,6 METs aufwiesen.<\/p><p>Die maximale k\u00f6rperliche Leistungsf\u00e4higkeit wurde in dieser Studie als metabolisches \u00c4quivalent (MET) angegeben. Dabei entspricht 1 MET = 3,5 ml Sauerstoffverbrauch \/ kg \/ min. Rechnet man das in den Kalorienverbrauch um, so ergibt sich, wenn man von einem kalorischen \u00c4quivalent von 4,8 Kcal \/ l O<sub>2<\/sub>-Verbrauch ausgeht,\u00a0ein Wert von 1 Kcal \/ kg \/ h, was praktisch dem Grundumsatz\u00a0 entspricht.<\/p><p>Zur besseren Einsch\u00e4tzung der Daten: Eine maximale k\u00f6rperliche Leistungsf\u00e4higkeit von 7,9 MET entspricht einem maximalen Sauerstoffverbrauch von 27,7 ml O<sub>2<\/sub>\u00a0\/ kg \/ min; 10,6 MET entsprechen einem VO<sub>2<\/sub>max von 37,1 ml O<sub>2<\/sub> \/ kg \/ min. \u00dcbersetzt in die Praxis bedeutet eine maximale k\u00f6rperliche Leistungsf\u00e4higkeit von 7,9 METs, dass die betreffende Person in der Lage ist, f\u00fcr wenigstens 1 &#8211; 2 Minuten eine Laufgeschwindigkeit von etwa 7,9 km\/h zu erreichen. 10,6 METs bedeutet in dieser Studie somit eine maximale kurzfristige Laufgeschwindigkeit von etwa 10,6 km \/h<\/p><p>Zu den M\u00f6glichkeiten der Umrechnung m\u00f6chte ich auf das Kapitel\u00a0\u00a0 &#8220;Beurteilung der k\u00f6rperlichen Leistungsf\u00e4higkeit&#8221; verweisen. (folgt)<\/p><h2>Fitness und Risiko-Faktoren<\/h2><p>In einer gro\u00dfen Untersuchung haben <a href=\"https:\/\/www.researchgate.net\/publication\/11469274_Exercise_Capacity_and_Mortality_among_Men_Referred_for_Exercise_Testing\">Myers et al<\/a> den Einfluss der k\u00f6rperlichen Leistungsf\u00e4higkeit, der Fitness, auf die Lebensdauer untersucht. Sie konnten darin <img decoding=\"async\" class=\"size-full wp-image-2632 aligncenter\" src=\"https:\/\/profheinen.de\/wp-content\/uploads\/2017\/05\/Risikofaktoren-e1494189524710.png\" alt=\"\" width=\"550\" height=\"399\" \/>zeigen, dass auch bei Vorliegen von Risikofaktoren &#8211; wie hoher Blutdruck, chronisch obstruktive Lungenerkrankung (COPD), Diabetes, Rauchen, Adipositas (BMI&gt;30) oder ein erh\u00f6htes Cholesterin &#8211; die k\u00f6rperliche Leistungsf\u00e4higkeit das relative Risiko zu sterben ganz erheblich beeinflusst!<\/p><p>M\u00e4nner, deren \u00a0maximale Sauerstoffaufnahme mit &lt; 5 MET ermittelt wurde, die also nicht mal 5 km\/h schnell sich bewegen konnten, wiesen ein \u00a0etwa doppelt so hohe Risiko auf zu versterben, verglichen mit denen, \u00a0die mehr als 8 MET maximal zu leisten im Stande waren (grob mehr als \u00a08 km\/h Maximalgeschwindigkeit aufwiesen).<\/p><p>\u00a0<\/p><p>\u00a0<\/p>\t\t\t\t\t\t\t\t<\/div>\n\t\t\t\t<\/div>\n\t\t\t\t\t<\/div>\n\t\t<\/div>\n\t\t\t\t<div class=\"elementor-column elementor-col-33 elementor-top-column elementor-element elementor-element-d45cb02\" data-id=\"d45cb02\" data-element_type=\"column\">\n\t\t\t<div class=\"elementor-widget-wrap elementor-element-populated\">\n\t\t\t\t\t\t<div class=\"elementor-element elementor-element-9764eef hfe-nav-menu__align-left hfe-submenu-icon-arrow hfe-submenu-animation-none hfe-link-redirect-child hfe-nav-menu__breakpoint-tablet elementor-widget elementor-widget-navigation-menu\" data-id=\"9764eef\" data-element_type=\"widget\" data-settings=\"{&quot;padding_horizontal_menu_item&quot;:{&quot;unit&quot;:&quot;px&quot;,&quot;size&quot;:25,&quot;sizes&quot;:[]},&quot;padding_horizontal_menu_item_tablet&quot;:{&quot;unit&quot;:&quot;px&quot;,&quot;size&quot;:&quot;&quot;,&quot;sizes&quot;:[]},&quot;padding_horizontal_menu_item_mobile&quot;:{&quot;unit&quot;:&quot;px&quot;,&quot;size&quot;:&quot;&quot;,&quot;sizes&quot;:[]},&quot;padding_vertical_menu_item&quot;:{&quot;unit&quot;:&quot;px&quot;,&quot;size&quot;:15,&quot;sizes&quot;:[]},&quot;padding_vertical_menu_item_tablet&quot;:{&quot;unit&quot;:&quot;px&quot;,&quot;size&quot;:&quot;&quot;,&quot;sizes&quot;:[]},&quot;padding_vertical_menu_item_mobile&quot;:{&quot;unit&quot;:&quot;px&quot;,&quot;size&quot;:&quot;&quot;,&quot;sizes&quot;:[]},&quot;menu_space_between&quot;:{&quot;unit&quot;:&quot;px&quot;,&quot;size&quot;:&quot;&quot;,&quot;sizes&quot;:[]},&quot;menu_space_between_tablet&quot;:{&quot;unit&quot;:&quot;px&quot;,&quot;size&quot;:&quot;&quot;,&quot;sizes&quot;:[]},&quot;menu_space_between_mobile&quot;:{&quot;unit&quot;:&quot;px&quot;,&quot;size&quot;:&quot;&quot;,&quot;sizes&quot;:[]},&quot;menu_row_space&quot;:{&quot;unit&quot;:&quot;px&quot;,&quot;size&quot;:&quot;&quot;,&quot;sizes&quot;:[]},&quot;menu_row_space_tablet&quot;:{&quot;unit&quot;:&quot;px&quot;,&quot;size&quot;:&quot;&quot;,&quot;sizes&quot;:[]},&quot;menu_row_space_mobile&quot;:{&quot;unit&quot;:&quot;px&quot;,&quot;size&quot;:&quot;&quot;,&quot;sizes&quot;:[]},&quot;dropdown_border_radius&quot;:{&quot;unit&quot;:&quot;px&quot;,&quot;top&quot;:&quot;&quot;,&quot;right&quot;:&quot;&quot;,&quot;bottom&quot;:&quot;&quot;,&quot;left&quot;:&quot;&quot;,&quot;isLinked&quot;:true},&quot;dropdown_border_radius_tablet&quot;:{&quot;unit&quot;:&quot;px&quot;,&quot;top&quot;:&quot;&quot;,&quot;right&quot;:&quot;&quot;,&quot;bottom&quot;:&quot;&quot;,&quot;left&quot;:&quot;&quot;,&quot;isLinked&quot;:true},&quot;dropdown_border_radius_mobile&quot;:{&quot;unit&quot;:&quot;px&quot;,&quot;top&quot;:&quot;&quot;,&quot;right&quot;:&quot;&quot;,&quot;bottom&quot;:&quot;&quot;,&quot;left&quot;:&quot;&quot;,&quot;isLinked&quot;:true},&quot;width_dropdown_item&quot;:{&quot;unit&quot;:&quot;px&quot;,&quot;size&quot;:&quot;220&quot;,&quot;sizes&quot;:[]},&quot;width_dropdown_item_tablet&quot;:{&quot;unit&quot;:&quot;px&quot;,&quot;size&quot;:&quot;&quot;,&quot;sizes&quot;:[]},&quot;width_dropdown_item_mobile&quot;:{&quot;unit&quot;:&quot;px&quot;,&quot;size&quot;:&quot;&quot;,&quot;sizes&quot;:[]},&quot;padding_horizontal_dropdown_item&quot;:{&quot;unit&quot;:&quot;px&quot;,&quot;size&quot;:&quot;&quot;,&quot;sizes&quot;:[]},&quot;padding_horizontal_dropdown_item_tablet&quot;:{&quot;unit&quot;:&quot;px&quot;,&quot;size&quot;:&quot;&quot;,&quot;sizes&quot;:[]},&quot;padding_horizontal_dropdown_item_mobile&quot;:{&quot;unit&quot;:&quot;px&quot;,&quot;size&quot;:&quot;&quot;,&quot;sizes&quot;:[]},&quot;padding_vertical_dropdown_item&quot;:{&quot;unit&quot;:&quot;px&quot;,&quot;size&quot;:15,&quot;sizes&quot;:[]},&quot;padding_vertical_dropdown_item_tablet&quot;:{&quot;unit&quot;:&quot;px&quot;,&quot;size&quot;:&quot;&quot;,&quot;sizes&quot;:[]},&quot;padding_vertical_dropdown_item_mobile&quot;:{&quot;unit&quot;:&quot;px&quot;,&quot;size&quot;:&quot;&quot;,&quot;sizes&quot;:[]},&quot;distance_from_menu&quot;:{&quot;unit&quot;:&quot;px&quot;,&quot;size&quot;:&quot;&quot;,&quot;sizes&quot;:[]},&quot;distance_from_menu_tablet&quot;:{&quot;unit&quot;:&quot;px&quot;,&quot;size&quot;:&quot;&quot;,&quot;sizes&quot;:[]},&quot;distance_from_menu_mobile&quot;:{&quot;unit&quot;:&quot;px&quot;,&quot;size&quot;:&quot;&quot;,&quot;sizes&quot;:[]},&quot;toggle_size&quot;:{&quot;unit&quot;:&quot;px&quot;,&quot;size&quot;:&quot;&quot;,&quot;sizes&quot;:[]},&quot;toggle_size_tablet&quot;:{&quot;unit&quot;:&quot;px&quot;,&quot;size&quot;:&quot;&quot;,&quot;sizes&quot;:[]},&quot;toggle_size_mobile&quot;:{&quot;unit&quot;:&quot;px&quot;,&quot;size&quot;:&quot;&quot;,&quot;sizes&quot;:[]},&quot;toggle_border_width&quot;:{&quot;unit&quot;:&quot;px&quot;,&quot;size&quot;:&quot;&quot;,&quot;sizes&quot;:[]},&quot;toggle_border_width_tablet&quot;:{&quot;unit&quot;:&quot;px&quot;,&quot;size&quot;:&quot;&quot;,&quot;sizes&quot;:[]},&quot;toggle_border_width_mobile&quot;:{&quot;unit&quot;:&quot;px&quot;,&quot;size&quot;:&quot;&quot;,&quot;sizes&quot;:[]},&quot;toggle_border_radius&quot;:{&quot;unit&quot;:&quot;px&quot;,&quot;size&quot;:&quot;&quot;,&quot;sizes&quot;:[]},&quot;toggle_border_radius_tablet&quot;:{&quot;unit&quot;:&quot;px&quot;,&quot;size&quot;:&quot;&quot;,&quot;sizes&quot;:[]},&quot;toggle_border_radius_mobile&quot;:{&quot;unit&quot;:&quot;px&quot;,&quot;size&quot;:&quot;&quot;,&quot;sizes&quot;:[]}}\" data-widget_type=\"navigation-menu.default\">\n\t\t\t\t<div class=\"elementor-widget-container\">\n\t\t\t\t\t\t\t\t<div class=\"hfe-nav-menu hfe-layout-horizontal hfe-nav-menu-layout horizontal hfe-pointer__none\" data-layout=\"horizontal\">\n\t\t\t\t<div role=\"button\" class=\"hfe-nav-menu__toggle elementor-clickable\">\n\t\t\t\t\t<span class=\"screen-reader-text\">Menu<\/span>\n\t\t\t\t\t<div class=\"hfe-nav-menu-icon\">\n\t\t\t\t\t\t<i aria-hidden=\"true\"  class=\"fas fa-align-justify\"><\/i>\t\t\t\t\t<\/div>\n\t\t\t\t<\/div>\n\t\t\t\t<nav class=\"hfe-nav-menu__layout-horizontal hfe-nav-menu__submenu-arrow\" data-toggle-icon=\"&lt;i aria-hidden=&quot;true&quot; tabindex=&quot;0&quot; class=&quot;fas fa-align-justify&quot;&gt;&lt;\/i&gt;\" data-close-icon=\"&lt;i aria-hidden=&quot;true&quot; tabindex=&quot;0&quot; class=&quot;far fa-window-close&quot;&gt;&lt;\/i&gt;\" data-full-width=\"yes\">\n\t\t\t\t\t<ul id=\"menu-1-9764eef\" class=\"hfe-nav-menu\"><li id=\"menu-item-10080\" class=\"menu-item menu-item-type-post_type menu-item-object-page parent hfe-creative-menu\"><a href=\"https:\/\/profheinen.de\/en\/sport-exercise\/\" class = \"hfe-menu-item\">Sport &amp; exercise<\/a><\/li>\n<li id=\"menu-item-10083\" class=\"menu-item menu-item-type-post_type menu-item-object-page parent hfe-creative-menu\"><a href=\"https:\/\/profheinen.de\/en\/sport-exercise\/movement-and-service-life\/\" class = \"hfe-menu-item\">Movement and service life<\/a><\/li>\n<li id=\"menu-item-10081\" class=\"menu-item menu-item-type-post_type menu-item-object-page parent hfe-creative-menu\"><a href=\"https:\/\/profheinen.de\/en\/sport-exercise\/exercise-and-quality-of-life\/\" class = \"hfe-menu-item\">Exercise and quality of life<\/a><\/li>\n<li id=\"menu-item-10085\" class=\"menu-item menu-item-type-post_type menu-item-object-page parent hfe-creative-menu\"><a href=\"https:\/\/profheinen.de\/en\/sport-exercise\/physical-performance-and-lifespan\/\" class = \"hfe-menu-item\">Physical performance and lifespan<\/a><\/li>\n<li id=\"menu-item-10084\" class=\"menu-item menu-item-type-post_type menu-item-object-page parent hfe-creative-menu\"><a href=\"https:\/\/profheinen.de\/en\/sport-exercise\/physical-performance-and-intelligence\/\" class = \"hfe-menu-item\">Physical performance and intelligence<\/a><\/li>\n<li id=\"menu-item-10082\" class=\"menu-item menu-item-type-post_type menu-item-object-page parent hfe-creative-menu\"><a href=\"https:\/\/profheinen.de\/en\/sport-exercise\/lack-of-exercise-is-the-main-cause-of-the-increase-in-obesity\/\" class = \"hfe-menu-item\">Lack of exercise is the main cause of the increase in obesity<\/a><\/li>\n<li id=\"menu-item-10087\" class=\"menu-item menu-item-type-post_type menu-item-object-page parent hfe-creative-menu\"><a href=\"https:\/\/profheinen.de\/en\/sport-exercise\/sport-and-diabetes\/\" class = \"hfe-menu-item\">Sport and diabetes<\/a><\/li>\n<li id=\"menu-item-10086\" class=\"menu-item menu-item-type-post_type menu-item-object-page parent hfe-creative-menu\"><a href=\"https:\/\/profheinen.de\/en\/sport-exercise\/sport-and-cancer\/\" class = \"hfe-menu-item\">Sport and cancer<\/a><\/li>\n<li id=\"menu-item-10088\" class=\"menu-item menu-item-type-post_type menu-item-object-page parent hfe-creative-menu\"><a href=\"https:\/\/profheinen.de\/en\/sport-exercise\/sport-exercise-osteoporosis\/\" class = \"hfe-menu-item\">Sport, exercise &amp; osteoporosis<\/a><\/li>\n<\/ul> \n\t\t\t\t<\/nav>\n\t\t\t<\/div>\n\t\t\t\t\t\t\t<\/div>\n\t\t\t\t<\/div>\n\t\t\t\t\t<\/div>\n\t\t<\/div>\n\t\t\t\t\t<\/div>\n\t\t<\/section>\n\t\t\t\t<section class=\"elementor-section elementor-top-section elementor-element elementor-element-7a0e29cb elementor-section-boxed elementor-section-height-default elementor-section-height-default\" data-id=\"7a0e29cb\" data-element_type=\"section\">\n\t\t\t\t\t\t<div class=\"elementor-container elementor-column-gap-default\">\n\t\t\t\t\t<div class=\"elementor-column elementor-col-100 elementor-top-column elementor-element elementor-element-204d2234\" data-id=\"204d2234\" data-element_type=\"column\">\n\t\t\t<div class=\"elementor-widget-wrap elementor-element-populated\">\n\t\t\t\t\t\t<div class=\"elementor-element elementor-element-421c6ee7 elementor-widget elementor-widget-text-editor\" data-id=\"421c6ee7\" data-element_type=\"widget\" data-widget_type=\"text-editor.default\">\n\t\t\t\t<div class=\"elementor-widget-container\">\n\t\t\t\t\t\t\t\t\t<h1>K\u00f6rperliche Leistungsf\u00e4higkeit und Lebensdauer<\/h1><p>\u00a0<\/p><p>Zu diesem Thema gibt es eine Unzahl von Untersuchungen. Alle zeigen \u00fcbereinstimmend, dass die k\u00f6rperliche Leistungsf\u00e4higkeit eindeutig mit der Lebensdauer korreliert! H\u00e4tten wir in der Medizin irgendein Arzneimittel, bei dessen Einnahme sich auch nur eine Halbierung des Sterberisikos zeigte, dann w\u00fcrde praktisch jeder diese Arznei einnehmen. Meist sind wir in der Medizin stolz, wenn die Einnahme eines Medikamentes einen Surrogatparameter &#8211; z.B. das Cholesterin &#8211; senkt. Wenn dann auch noch das Risiko zu versterben signifikant &#8211; wenn auch nur um wenige Prozent &#8211; abnimmt, so empfehlen wir die Einnahme.<\/p><h2>Fitness und Lebensdauer<\/h2><p><img fetchpriority=\"high\" decoding=\"async\" class=\"size-full wp-image-2597 aligncenter\" src=\"https:\/\/profheinen.de\/wp-content\/uploads\/2017\/05\/Laukkanen-e1494189560714.jpg\" alt=\"\" width=\"550\" height=\"492\" \/>Als Beispiel f\u00fcr Untersuchungen zum Zusammenhang zwischen Leistungsf\u00e4higkeit und Lebensdauer m\u00f6chte ich Sie mit Ergebnissen von <a href=\"https:\/\/jamanetwork.com\/journals\/jamainternalmedicine\/fullarticle\/647696\">Laukkanen et al<\/a>. bekannt machen, der\u00a0schon vor vielen Jahren zeigen konnte, dass das Risiko zu versterben, eindeutig\u00a0abh\u00e4ngig\u00a0ist\u00a0von der maximalen k\u00f6rperlichen Leistungsf\u00e4higkeit. 2682 M\u00e4nner zwischen 42 \u2013 61 Jahren wurden in die Studie eingeschlossen. Der Beobachtungszeitraum betrug 5 Jahre. M\u00e4nner, die weniger als 7,9 METs maximale k\u00f6rperliche Leistungsf\u00e4higkeit aufwiesen, hatten ein viermal !!!! h\u00f6heres Risiko, im dem Beobachtungszeitraum zu versterben, als diejenigen, die eine maximale k\u00f6rperliche Leistungsf\u00e4higkeit von &gt; 10,6 METs aufwiesen.<\/p><p>Die maximale k\u00f6rperliche Leistungsf\u00e4higkeit wurde in dieser Studie als metabolisches \u00c4quivalent (MET) angegeben. Dabei entspricht 1 MET = 3,5 ml Sauerstoffverbrauch \/ kg \/ min. Rechnet man das in den Kalorienverbrauch um, so ergibt sich, wenn man von einem kalorischen \u00c4quivalent von 4,8 Kcal \/ l O<sub>2<\/sub>-Verbrauch ausgeht,\u00a0ein Wert von 1 Kcal \/ kg \/ h, was praktisch dem Grundumsatz\u00a0 entspricht.<\/p><p>Zur besseren Einsch\u00e4tzung der Daten: Eine maximale k\u00f6rperliche Leistungsf\u00e4higkeit von 7,9 MET entspricht einem maximalen Sauerstoffverbrauch von 27,7 ml O<sub>2<\/sub>\u00a0\/ kg \/ min; 10,6 MET entsprechen einem VO<sub>2<\/sub>max von 37,1 ml O<sub>2<\/sub> \/ kg \/ min. \u00dcbersetzt in die Praxis bedeutet eine maximale k\u00f6rperliche Leistungsf\u00e4higkeit von 7,9 METs, dass die betreffende Person in der Lage ist, f\u00fcr wenigstens 1 &#8211; 2 Minuten eine Laufgeschwindigkeit von etwa 7,9 km\/h zu erreichen. 10,6 METs bedeutet in dieser Studie somit eine maximale kurzfristige Laufgeschwindigkeit von etwa 10,6 km \/h<\/p><p>Zu den M\u00f6glichkeiten der Umrechnung m\u00f6chte ich auf das Kapitel\u00a0\u00a0 &#8220;Beurteilung der k\u00f6rperlichen Leistungsf\u00e4higkeit&#8221; verweisen. (folgt)<\/p><h2>Fitness und Risiko-Faktoren<\/h2><p>In einer gro\u00dfen Untersuchung haben <a href=\"https:\/\/www.researchgate.net\/publication\/11469274_Exercise_Capacity_and_Mortality_among_Men_Referred_for_Exercise_Testing\">Myers et al<\/a> den Einfluss der k\u00f6rperlichen Leistungsf\u00e4higkeit, der Fitness, auf die Lebensdauer untersucht. Sie konnten darin <img decoding=\"async\" class=\"size-full wp-image-2632 aligncenter\" src=\"https:\/\/profheinen.de\/wp-content\/uploads\/2017\/05\/Risikofaktoren-e1494189524710.png\" alt=\"\" width=\"550\" height=\"399\" \/>zeigen, dass auch bei Vorliegen von Risikofaktoren &#8211; wie hoher Blutdruck, chronisch obstruktive Lungenerkrankung (COPD), Diabetes, Rauchen, Adipositas (BMI&gt;30) oder ein erh\u00f6htes Cholesterin &#8211; die k\u00f6rperliche Leistungsf\u00e4higkeit das relative Risiko zu sterben ganz erheblich beeinflusst!<\/p><p>M\u00e4nner, deren \u00a0maximale Sauerstoffaufnahme mit &lt; 5 MET ermittelt wurde, die also nicht mal 5 km\/h schnell sich bewegen konnten, wiesen ein \u00a0etwa doppelt so hohe Risiko auf zu versterben, verglichen mit denen, \u00a0die mehr als 8 MET maximal zu leisten im Stande waren (grob mehr als \u00a08 km\/h Maximalgeschwindigkeit aufwiesen).<\/p><p>\u00a0<\/p><p>\u00a0<\/p><p>\u00a0<\/p><p>\u00a0<\/p><p>\u00a0<\/p><h2>\u00a0<\/h2>\t\t\t\t\t\t\t\t<\/div>\n\t\t\t\t<\/div>\n\t\t\t\t\t<\/div>\n\t\t<\/div>\n\t\t\t\t\t<\/div>\n\t\t<\/section>\n\t\t\t\t<\/div>\n\t\t","protected":false},"excerpt":{"rendered":"<p>K\u00f6rperliche Leistungsf\u00e4higkeit und Lebensdauer \u00a0 Zu diesem Thema gibt es eine Unzahl von Untersuchungen. Alle zeigen \u00fcbereinstimmend, dass die k\u00f6rperliche Leistungsf\u00e4higkeit eindeutig mit der Lebensdauer korreliert! H\u00e4tten wir in der Medizin irgendein Arzneimittel, bei dessen Einnahme sich auch nur eine Halbierung des Sterberisikos zeigte, dann w\u00fcrde praktisch jeder diese Arznei einnehmen. Meist sind wir in [&hellip;]<\/p>\n","protected":false},"author":2,"featured_media":0,"parent":8609,"menu_order":0,"comment_status":"closed","ping_status":"closed","template":"","meta":{"_custom_body_class":"","_custom_post_class":"","om_disable_all_campaigns":false,"_monsterinsights_skip_tracking":false,"_monsterinsights_sitenote_active":false,"_monsterinsights_sitenote_note":"","_monsterinsights_sitenote_category":0,"_uf_show_specific_survey":0,"_uf_disable_surveys":false,"site-sidebar-layout":"default","site-content-layout":"default","ast-site-content-layout":"","site-content-style":"default","site-sidebar-style":"default","ast-global-header-display":"","ast-banner-title-visibility":"","ast-main-header-display":"","ast-hfb-above-header-display":"","ast-hfb-below-header-display":"","ast-hfb-mobile-header-display":"","site-post-title":"disabled","ast-breadcrumbs-content":"","ast-featured-img":"","footer-sml-layout":"","theme-transparent-header-meta":"default","adv-header-id-meta":"","stick-header-meta":"","header-above-stick-meta":"","header-main-stick-meta":"","header-below-stick-meta":"","astra-migrate-meta-layouts":"default","ast-page-background-enabled":"default","ast-page-background-meta":{"desktop":{"background-color":"","background-image":"","background-repeat":"repeat","background-position":"center center","background-size":"auto","background-attachment":"scroll","background-type":"","background-media":"","overlay-type":"","overlay-color":"","overlay-opacity":"","overlay-gradient":""},"tablet":{"background-color":"","background-image":"","background-repeat":"repeat","background-position":"center center","background-size":"auto","background-attachment":"scroll","background-type":"","background-media":"","overlay-type":"","overlay-color":"","overlay-opacity":"","overlay-gradient":""},"mobile":{"background-color":"","background-image":"","background-repeat":"repeat","background-position":"center center","background-size":"auto","background-attachment":"scroll","background-type":"","background-media":"","overlay-type":"","overlay-color":"","overlay-opacity":"","overlay-gradient":""}},"ast-content-background-meta":{"desktop":{"background-color":"var(--ast-global-color-5)","background-image":"","background-repeat":"repeat","background-position":"center center","background-size":"auto","background-attachment":"scroll","background-type":"","background-media":"","overlay-type":"","overlay-color":"","overlay-opacity":"","overlay-gradient":""},"tablet":{"background-color":"var(--ast-global-color-5)","background-image":"","background-repeat":"repeat","background-position":"center center","background-size":"auto","background-attachment":"scroll","background-type":"","background-media":"","overlay-type":"","overlay-color":"","overlay-opacity":"","overlay-gradient":""},"mobile":{"background-color":"var(--ast-global-color-5)","background-image":"","background-repeat":"repeat","background-position":"center center","background-size":"auto","background-attachment":"scroll","background-type":"","background-media":"","overlay-type":"","overlay-color":"","overlay-opacity":"","overlay-gradient":""}},"footnotes":""},"class_list":["post-8597","page","type-page","status-publish","hentry"],"aioseo_notices":[],"_links":{"self":[{"href":"https:\/\/profheinen.de\/en\/wp-json\/wp\/v2\/pages\/8597","targetHints":{"allow":["GET"]}}],"collection":[{"href":"https:\/\/profheinen.de\/en\/wp-json\/wp\/v2\/pages"}],"about":[{"href":"https:\/\/profheinen.de\/en\/wp-json\/wp\/v2\/types\/page"}],"author":[{"embeddable":true,"href":"https:\/\/profheinen.de\/en\/wp-json\/wp\/v2\/users\/2"}],"replies":[{"embeddable":true,"href":"https:\/\/profheinen.de\/en\/wp-json\/wp\/v2\/comments?post=8597"}],"version-history":[{"count":0,"href":"https:\/\/profheinen.de\/en\/wp-json\/wp\/v2\/pages\/8597\/revisions"}],"up":[{"embeddable":true,"href":"https:\/\/profheinen.de\/en\/wp-json\/wp\/v2\/pages\/8609"}],"wp:attachment":[{"href":"https:\/\/profheinen.de\/en\/wp-json\/wp\/v2\/media?parent=8597"}],"curies":[{"name":"wp","href":"https:\/\/api.w.org\/{rel}","templated":true}]}}