{"id":8600,"date":"2017-07-27T14:49:40","date_gmt":"2017-07-27T12:49:40","guid":{"rendered":"https:\/\/profheinen.de\/sport-and-diabetes\/"},"modified":"2025-05-05T13:46:15","modified_gmt":"2025-05-05T11:46:15","slug":"sport-and-diabetes","status":"publish","type":"page","link":"https:\/\/profheinen.de\/en\/sport-exercise\/sport-and-diabetes\/","title":{"rendered":"Sport and diabetes"},"content":{"rendered":"\t\t<div data-elementor-type=\"wp-page\" data-elementor-id=\"8600\" class=\"elementor elementor-8600 elementor-2724\" data-elementor-post-type=\"page\">\n\t\t\t\t\t\t<section class=\"elementor-section elementor-top-section elementor-element elementor-element-a88353b elementor-section-boxed elementor-section-height-default elementor-section-height-default\" data-id=\"a88353b\" data-element_type=\"section\">\n\t\t\t\t\t\t<div class=\"elementor-container elementor-column-gap-default\">\n\t\t\t\t\t<div class=\"elementor-column elementor-col-66 elementor-top-column elementor-element elementor-element-3d82033\" data-id=\"3d82033\" data-element_type=\"column\">\n\t\t\t<div class=\"elementor-widget-wrap elementor-element-populated\">\n\t\t\t\t\t\t<div class=\"elementor-element elementor-element-4cb8d85 elementor-widget elementor-widget-text-editor\" data-id=\"4cb8d85\" data-element_type=\"widget\" data-widget_type=\"text-editor.default\">\n\t\t\t\t<div class=\"elementor-widget-container\">\n\t\t\t\t\t\t\t\t\t<h1><strong>Sport und Diabetes<\/strong><\/h1>\n<p>Besser und engagierter als Hans Lauber, der selbst an \u201eAltersdiabetes\u201c erkrankt war, kann man nicht beschreiben, wie zumindest im Fr\u00fchstadium Bewegung den Diabetes besiegen kann!<\/p><p><br><img fetchpriority=\"high\" decoding=\"async\" class=\"size-full wp-image-2393 aligncenter\" src=\"https:\/\/profheinen.de\/wp-content\/uploads\/2017\/05\/Lauber-Diabetes-e1494086361731.jpg\" alt=\"Dem Diabetes davonlaufen; Hans Lauber\" width=\"300\" height=\"377\"><\/p><p><div style=\"text-align: center;\"><br><\/div>Ein lesenswertes Buch f\u00fcr alle, bei denen in der Verwandtschaft ein Typ II, also ein \u201eAlters-\u201c Diabetes&nbsp; vorkommt; eine Aufforderung, sich unbedingt viel zu bewegen!<br>Eine Reduktion von Fettgewebe bei gleichzeitigem Aufbau auch der Muskulatur ist der Schl\u00fcssel zum Sieg \u00fcber den Diabetes mellitus Typ II im Fr\u00fchstadium. &nbsp;Zumindest am Anfang besteht kein Insulinmangel; das Insulin ist bei den Betroffenen nur entscheidend weniger wirksam. Mehr Muskulatur und weniger Fettgewebe geben dem Insulin seine Wirksamkeit zur\u00fcck. Die Blutzuckerwerte normalisieren sich wieder.<br>Hans Lauber selbst beschreibt diese Form der Zuckerkrankheit treffend als \u201eLifestyle-Diabetes\u201c. Viel zu wenig Bewegung ist die Ursache f\u00fcr einen reduzierten Kalorienverbrauch mit all seinen Folgen.<\/p>\n<p>Bei Nachweis eines Diabetes sollte auf jeden Fall eine intensive Aufkl\u00e4rung des Patienten m\u00f6glichst in Form einer Diabetikerschulung erfolgen. Dabei k\u00f6nnen Sie die Qualit\u00e4t der Schulung auch daran messen, welche Aufmerksamkeit der Bewegung und damit der Gewichtsreduktion gewidmet wird. Leider muss man allerdings feststellen, dass die Frustration derjenigen, die das Wissen vermitteln, oft sehr gro\u00df ist, wenn es um das Thema Bewegung und somit um Gewichtsreduktion geht mit der Konsequenz, dass dieses Thema meist viel zu kurz kommt!&nbsp; Und einer viel zu gro\u00dfen Zahl von Patienten k\u00f6nnen Sie leider nicht klar machen, dass Antidiabetika die notwendige Umstellung des Lebensweise in keiner Weise ersetzen k\u00f6nnen!; selbst dann nicht, wenn sie ihnen die Konsequenzen in Form der Sp\u00e4tsch\u00e4den des Diabetes mellitus schildern.<\/p>\n<p>Ist schon eine medikament\u00f6se Therapie des Diabetes notwendig, so sollte in der Schulung und im Einzelgespr\u00e4ch das Vorgehen mit Beginn der Aufnahme von Bewegung und Sport besprochen werden. Schon beim ersten Training ist beim Insulinabh\u00e4ngigen Diabetes eine zus\u00e4tzliche Zufuhr von Kohlenhydraten bzw eine Reduktion der zu injizierenden Insulinmenge erforderlich. Das Ausma\u00df dieser Anpassung ist von Patient zu Patient sehr unterschiedlich. Nur entsprechende Blutzuckermessungen und Besprechung der Werte im Verlauf mit dem Arzt oder der Diabetesberaterin gew\u00e4hrleisten die richtige Ma\u00dfnahme. Im weiteren Verlauf des Trainings kommt die bessere Insulinempfindlichkeit infolge des geringer werdenden K\u00f6rpergewichts und der hoffentlich zunehmenden Muskelmasse zum tragen.<\/p>\n<p><img decoding=\"async\" class=\"size-full wp-image-2531 aligncenter\" src=\"https:\/\/profheinen.de\/wp-content\/uploads\/2017\/05\/Diabetes-und-Kraft-e1494087073110.png\" alt=\"Krafttraining hat einen noch positiveren Einfluss auf den Verlauf des Diabetes mellitus Typ II, als Ausdauertraining\" width=\"600\" height=\"457\"><\/p>\n<p>Wie wichtig auch die Kraftmuskulatur f\u00fcr die Verbesserung einer diabetischen Stoffwechsellage ist, wurde in viele Publikationen berichtet. Die nebenstehende Abbildung wurde einer Arbeit von <a href=\"http:\/\/citeseerx.ist.psu.edu\/viewdoc\/download?doi=10.1.1.542.1884&amp;rep=rep1&amp;type=pdf\">Cauza et al <\/a>entnommen.&nbsp;In dieser Arbeit zeigten die Autoren,&nbsp;dass der Langzeitzucker, der HbA1-Wert, durch ein 4-monatiges Krafttraining deutlich st\u00e4rker sank, als in Folge eines gleich langen Ausdauertrainings!<\/p>\n<p>So eindeutig in allen \u00dcbersichtsartikel&nbsp; der letzten Jahre der positive Effekt des Krafttrainings auf die Insulinresistenz best\u00e4tigt wird, so besteht nach Einsch\u00e4tzung aller Experten noch ein gro\u00dfer Forschungsbedarf, um die Kausalzusammenh\u00e4nge dieses Effektes besser zu verstehen.<\/p>\n<p>Dass das Thema spannend ist, l\u00e4sst sich auch daran erkennen, dass auch die Pharma-Industrie sich sehr um unsere Muskelmasse bem\u00fcht! Testosterongaben beim m\u00e4nnlichen Diabetiker mit relativ niedrigen Testosteronwerten im Blut sind in klinischen Tests und Medikamente zur Stimulation des Muskelwachstums, die uns &#8211; wieder einmal &#8211; das l\u00e4stige Training ersparen sollen, sind in der Entwicklung.<\/p>\n<p>Geschickter, ges\u00fcnder und billiger bleibt es, wenn wir schon unseren Lehrern und Kindern beibringen, dass nicht nur geistige Leistungsf\u00e4higkeit z\u00e4hlt, nein &#8211; auch die k\u00f6rperliche. Und alle denjenigen, die immer noch nicht glauben, dass in einem gesunden K\u00f6rper auch ein gesunder Geist wohnt, m\u00f6chte ich den folgenden Klick empfehlen&nbsp;&nbsp;&nbsp;(<a href=\"https:\/\/profheinen.de\/sport-und-bewegung\/koerperliche-leistungsfaehigkeit-und-intelligenz\/\">k\u00f6rperliche Leistungsf\u00e4higkeit und Intelligenz<\/a>)<\/p>\t\t\t\t\t\t\t\t<\/div>\n\t\t\t\t<\/div>\n\t\t\t\t\t<\/div>\n\t\t<\/div>\n\t\t\t\t<div class=\"elementor-column elementor-col-33 elementor-top-column elementor-element elementor-element-4eb3dc9\" data-id=\"4eb3dc9\" data-element_type=\"column\">\n\t\t\t<div class=\"elementor-widget-wrap elementor-element-populated\">\n\t\t\t\t\t\t<div class=\"elementor-element elementor-element-d08ac61 hfe-nav-menu__align-left hfe-submenu-icon-arrow hfe-submenu-animation-none hfe-link-redirect-child hfe-nav-menu__breakpoint-tablet elementor-widget elementor-widget-navigation-menu\" data-id=\"d08ac61\" data-element_type=\"widget\" data-settings=\"{&quot;padding_horizontal_menu_item&quot;:{&quot;unit&quot;:&quot;px&quot;,&quot;size&quot;:15,&quot;sizes&quot;:[]},&quot;padding_horizontal_menu_item_tablet&quot;:{&quot;unit&quot;:&quot;px&quot;,&quot;size&quot;:&quot;&quot;,&quot;sizes&quot;:[]},&quot;padding_horizontal_menu_item_mobile&quot;:{&quot;unit&quot;:&quot;px&quot;,&quot;size&quot;:&quot;&quot;,&quot;sizes&quot;:[]},&quot;padding_vertical_menu_item&quot;:{&quot;unit&quot;:&quot;px&quot;,&quot;size&quot;:15,&quot;sizes&quot;:[]},&quot;padding_vertical_menu_item_tablet&quot;:{&quot;unit&quot;:&quot;px&quot;,&quot;size&quot;:&quot;&quot;,&quot;sizes&quot;:[]},&quot;padding_vertical_menu_item_mobile&quot;:{&quot;unit&quot;:&quot;px&quot;,&quot;size&quot;:&quot;&quot;,&quot;sizes&quot;:[]},&quot;menu_space_between&quot;:{&quot;unit&quot;:&quot;px&quot;,&quot;size&quot;:&quot;&quot;,&quot;sizes&quot;:[]},&quot;menu_space_between_tablet&quot;:{&quot;unit&quot;:&quot;px&quot;,&quot;size&quot;:&quot;&quot;,&quot;sizes&quot;:[]},&quot;menu_space_between_mobile&quot;:{&quot;unit&quot;:&quot;px&quot;,&quot;size&quot;:&quot;&quot;,&quot;sizes&quot;:[]},&quot;menu_row_space&quot;:{&quot;unit&quot;:&quot;px&quot;,&quot;size&quot;:&quot;&quot;,&quot;sizes&quot;:[]},&quot;menu_row_space_tablet&quot;:{&quot;unit&quot;:&quot;px&quot;,&quot;size&quot;:&quot;&quot;,&quot;sizes&quot;:[]},&quot;menu_row_space_mobile&quot;:{&quot;unit&quot;:&quot;px&quot;,&quot;size&quot;:&quot;&quot;,&quot;sizes&quot;:[]},&quot;dropdown_border_radius&quot;:{&quot;unit&quot;:&quot;px&quot;,&quot;top&quot;:&quot;&quot;,&quot;right&quot;:&quot;&quot;,&quot;bottom&quot;:&quot;&quot;,&quot;left&quot;:&quot;&quot;,&quot;isLinked&quot;:true},&quot;dropdown_border_radius_tablet&quot;:{&quot;unit&quot;:&quot;px&quot;,&quot;top&quot;:&quot;&quot;,&quot;right&quot;:&quot;&quot;,&quot;bottom&quot;:&quot;&quot;,&quot;left&quot;:&quot;&quot;,&quot;isLinked&quot;:true},&quot;dropdown_border_radius_mobile&quot;:{&quot;unit&quot;:&quot;px&quot;,&quot;top&quot;:&quot;&quot;,&quot;right&quot;:&quot;&quot;,&quot;bottom&quot;:&quot;&quot;,&quot;left&quot;:&quot;&quot;,&quot;isLinked&quot;:true},&quot;width_dropdown_item&quot;:{&quot;unit&quot;:&quot;px&quot;,&quot;size&quot;:&quot;220&quot;,&quot;sizes&quot;:[]},&quot;width_dropdown_item_tablet&quot;:{&quot;unit&quot;:&quot;px&quot;,&quot;size&quot;:&quot;&quot;,&quot;sizes&quot;:[]},&quot;width_dropdown_item_mobile&quot;:{&quot;unit&quot;:&quot;px&quot;,&quot;size&quot;:&quot;&quot;,&quot;sizes&quot;:[]},&quot;padding_horizontal_dropdown_item&quot;:{&quot;unit&quot;:&quot;px&quot;,&quot;size&quot;:&quot;&quot;,&quot;sizes&quot;:[]},&quot;padding_horizontal_dropdown_item_tablet&quot;:{&quot;unit&quot;:&quot;px&quot;,&quot;size&quot;:&quot;&quot;,&quot;sizes&quot;:[]},&quot;padding_horizontal_dropdown_item_mobile&quot;:{&quot;unit&quot;:&quot;px&quot;,&quot;size&quot;:&quot;&quot;,&quot;sizes&quot;:[]},&quot;padding_vertical_dropdown_item&quot;:{&quot;unit&quot;:&quot;px&quot;,&quot;size&quot;:15,&quot;sizes&quot;:[]},&quot;padding_vertical_dropdown_item_tablet&quot;:{&quot;unit&quot;:&quot;px&quot;,&quot;size&quot;:&quot;&quot;,&quot;sizes&quot;:[]},&quot;padding_vertical_dropdown_item_mobile&quot;:{&quot;unit&quot;:&quot;px&quot;,&quot;size&quot;:&quot;&quot;,&quot;sizes&quot;:[]},&quot;distance_from_menu&quot;:{&quot;unit&quot;:&quot;px&quot;,&quot;size&quot;:&quot;&quot;,&quot;sizes&quot;:[]},&quot;distance_from_menu_tablet&quot;:{&quot;unit&quot;:&quot;px&quot;,&quot;size&quot;:&quot;&quot;,&quot;sizes&quot;:[]},&quot;distance_from_menu_mobile&quot;:{&quot;unit&quot;:&quot;px&quot;,&quot;size&quot;:&quot;&quot;,&quot;sizes&quot;:[]},&quot;toggle_size&quot;:{&quot;unit&quot;:&quot;px&quot;,&quot;size&quot;:&quot;&quot;,&quot;sizes&quot;:[]},&quot;toggle_size_tablet&quot;:{&quot;unit&quot;:&quot;px&quot;,&quot;size&quot;:&quot;&quot;,&quot;sizes&quot;:[]},&quot;toggle_size_mobile&quot;:{&quot;unit&quot;:&quot;px&quot;,&quot;size&quot;:&quot;&quot;,&quot;sizes&quot;:[]},&quot;toggle_border_width&quot;:{&quot;unit&quot;:&quot;px&quot;,&quot;size&quot;:&quot;&quot;,&quot;sizes&quot;:[]},&quot;toggle_border_width_tablet&quot;:{&quot;unit&quot;:&quot;px&quot;,&quot;size&quot;:&quot;&quot;,&quot;sizes&quot;:[]},&quot;toggle_border_width_mobile&quot;:{&quot;unit&quot;:&quot;px&quot;,&quot;size&quot;:&quot;&quot;,&quot;sizes&quot;:[]},&quot;toggle_border_radius&quot;:{&quot;unit&quot;:&quot;px&quot;,&quot;size&quot;:&quot;&quot;,&quot;sizes&quot;:[]},&quot;toggle_border_radius_tablet&quot;:{&quot;unit&quot;:&quot;px&quot;,&quot;size&quot;:&quot;&quot;,&quot;sizes&quot;:[]},&quot;toggle_border_radius_mobile&quot;:{&quot;unit&quot;:&quot;px&quot;,&quot;size&quot;:&quot;&quot;,&quot;sizes&quot;:[]}}\" data-widget_type=\"navigation-menu.default\">\n\t\t\t\t<div class=\"elementor-widget-container\">\n\t\t\t\t\t\t\t\t<div class=\"hfe-nav-menu hfe-layout-horizontal hfe-nav-menu-layout horizontal hfe-pointer__none\" data-layout=\"horizontal\">\n\t\t\t\t<div role=\"button\" class=\"hfe-nav-menu__toggle elementor-clickable\">\n\t\t\t\t\t<span class=\"screen-reader-text\">Menu<\/span>\n\t\t\t\t\t<div class=\"hfe-nav-menu-icon\">\n\t\t\t\t\t\t<i aria-hidden=\"true\"  class=\"fas fa-align-justify\"><\/i>\t\t\t\t\t<\/div>\n\t\t\t\t<\/div>\n\t\t\t\t<nav class=\"hfe-nav-menu__layout-horizontal hfe-nav-menu__submenu-arrow\" data-toggle-icon=\"&lt;i aria-hidden=&quot;true&quot; tabindex=&quot;0&quot; class=&quot;fas fa-align-justify&quot;&gt;&lt;\/i&gt;\" data-close-icon=\"&lt;i aria-hidden=&quot;true&quot; tabindex=&quot;0&quot; class=&quot;far fa-window-close&quot;&gt;&lt;\/i&gt;\" data-full-width=\"yes\">\n\t\t\t\t\t<ul id=\"menu-1-d08ac61\" class=\"hfe-nav-menu\"><li id=\"menu-item-10080\" class=\"menu-item menu-item-type-post_type menu-item-object-page parent hfe-creative-menu\"><a href=\"https:\/\/profheinen.de\/en\/sport-exercise\/\" class = \"hfe-menu-item\">Sport &amp; exercise<\/a><\/li>\n<li id=\"menu-item-10083\" class=\"menu-item menu-item-type-post_type menu-item-object-page parent hfe-creative-menu\"><a href=\"https:\/\/profheinen.de\/en\/sport-exercise\/movement-and-service-life\/\" class = \"hfe-menu-item\">Movement and service life<\/a><\/li>\n<li id=\"menu-item-10081\" class=\"menu-item menu-item-type-post_type menu-item-object-page parent hfe-creative-menu\"><a href=\"https:\/\/profheinen.de\/en\/sport-exercise\/exercise-and-quality-of-life\/\" class = \"hfe-menu-item\">Exercise and quality of life<\/a><\/li>\n<li id=\"menu-item-10085\" class=\"menu-item menu-item-type-post_type menu-item-object-page parent hfe-creative-menu\"><a href=\"https:\/\/profheinen.de\/en\/sport-exercise\/physical-performance-and-lifespan\/\" class = \"hfe-menu-item\">Physical performance and lifespan<\/a><\/li>\n<li id=\"menu-item-10084\" class=\"menu-item menu-item-type-post_type menu-item-object-page parent hfe-creative-menu\"><a href=\"https:\/\/profheinen.de\/en\/sport-exercise\/physical-performance-and-intelligence\/\" class = \"hfe-menu-item\">Physical performance and intelligence<\/a><\/li>\n<li id=\"menu-item-10082\" class=\"menu-item menu-item-type-post_type menu-item-object-page parent hfe-creative-menu\"><a href=\"https:\/\/profheinen.de\/en\/sport-exercise\/lack-of-exercise-is-the-main-cause-of-the-increase-in-obesity\/\" class = \"hfe-menu-item\">Lack of exercise is the main cause of the increase in obesity<\/a><\/li>\n<li id=\"menu-item-10087\" class=\"menu-item menu-item-type-post_type menu-item-object-page parent hfe-creative-menu\"><a href=\"https:\/\/profheinen.de\/en\/sport-exercise\/sport-and-diabetes\/\" class = \"hfe-menu-item\">Sport and diabetes<\/a><\/li>\n<li id=\"menu-item-10086\" class=\"menu-item menu-item-type-post_type menu-item-object-page parent hfe-creative-menu\"><a href=\"https:\/\/profheinen.de\/en\/sport-exercise\/sport-and-cancer\/\" class = \"hfe-menu-item\">Sport and cancer<\/a><\/li>\n<li id=\"menu-item-10088\" class=\"menu-item menu-item-type-post_type menu-item-object-page parent hfe-creative-menu\"><a href=\"https:\/\/profheinen.de\/en\/sport-exercise\/sport-exercise-osteoporosis\/\" class = \"hfe-menu-item\">Sport, exercise &amp; osteoporosis<\/a><\/li>\n<\/ul> \n\t\t\t\t<\/nav>\n\t\t\t<\/div>\n\t\t\t\t\t\t\t<\/div>\n\t\t\t\t<\/div>\n\t\t\t\t\t<\/div>\n\t\t<\/div>\n\t\t\t\t\t<\/div>\n\t\t<\/section>\n\t\t\t\t<\/div>\n\t\t","protected":false},"excerpt":{"rendered":"<p>Sport und Diabetes Besser und engagierter als Hans Lauber, der selbst an \u201eAltersdiabetes\u201c erkrankt war, kann man nicht beschreiben, wie zumindest im Fr\u00fchstadium Bewegung den Diabetes besiegen kann! Ein lesenswertes Buch f\u00fcr alle, bei denen in der Verwandtschaft ein Typ II, also ein \u201eAlters-\u201c Diabetes&nbsp; vorkommt; eine Aufforderung, sich unbedingt viel zu bewegen!Eine Reduktion von [&hellip;]<\/p>\n","protected":false},"author":2,"featured_media":0,"parent":8609,"menu_order":0,"comment_status":"closed","ping_status":"closed","template":"","meta":{"_custom_body_class":"","_custom_post_class":"","om_disable_all_campaigns":false,"_monsterinsights_skip_tracking":false,"_monsterinsights_sitenote_active":false,"_monsterinsights_sitenote_note":"","_monsterinsights_sitenote_category":0,"_uf_show_specific_survey":0,"_uf_disable_surveys":false,"site-sidebar-layout":"default","site-content-layout":"default","ast-site-content-layout":"","site-content-style":"default","site-sidebar-style":"default","ast-global-header-display":"","ast-banner-title-visibility":"","ast-main-header-display":"","ast-hfb-above-header-display":"","ast-hfb-below-header-display":"","ast-hfb-mobile-header-display":"","site-post-title":"disabled","ast-breadcrumbs-content":"","ast-featured-img":"","footer-sml-layout":"","theme-transparent-header-meta":"default","adv-header-id-meta":"","stick-header-meta":"","header-above-stick-meta":"","header-main-stick-meta":"","header-below-stick-meta":"","astra-migrate-meta-layouts":"default","ast-page-background-enabled":"default","ast-page-background-meta":{"desktop":{"background-color":"","background-image":"","background-repeat":"repeat","background-position":"center center","background-size":"auto","background-attachment":"scroll","background-type":"","background-media":"","overlay-type":"","overlay-color":"","overlay-opacity":"","overlay-gradient":""},"tablet":{"background-color":"","background-image":"","background-repeat":"repeat","background-position":"center center","background-size":"auto","background-attachment":"scroll","background-type":"","background-media":"","overlay-type":"","overlay-color":"","overlay-opacity":"","overlay-gradient":""},"mobile":{"background-color":"","background-image":"","background-repeat":"repeat","background-position":"center center","background-size":"auto","background-attachment":"scroll","background-type":"","background-media":"","overlay-type":"","overlay-color":"","overlay-opacity":"","overlay-gradient":""}},"ast-content-background-meta":{"desktop":{"background-color":"var(--ast-global-color-5)","background-image":"","background-repeat":"repeat","background-position":"center center","background-size":"auto","background-attachment":"scroll","background-type":"","background-media":"","overlay-type":"","overlay-color":"","overlay-opacity":"","overlay-gradient":""},"tablet":{"background-color":"var(--ast-global-color-5)","background-image":"","background-repeat":"repeat","background-position":"center center","background-size":"auto","background-attachment":"scroll","background-type":"","background-media":"","overlay-type":"","overlay-color":"","overlay-opacity":"","overlay-gradient":""},"mobile":{"background-color":"var(--ast-global-color-5)","background-image":"","background-repeat":"repeat","background-position":"center center","background-size":"auto","background-attachment":"scroll","background-type":"","background-media":"","overlay-type":"","overlay-color":"","overlay-opacity":"","overlay-gradient":""}},"footnotes":""},"class_list":["post-8600","page","type-page","status-publish","hentry"],"aioseo_notices":[],"_links":{"self":[{"href":"https:\/\/profheinen.de\/en\/wp-json\/wp\/v2\/pages\/8600","targetHints":{"allow":["GET"]}}],"collection":[{"href":"https:\/\/profheinen.de\/en\/wp-json\/wp\/v2\/pages"}],"about":[{"href":"https:\/\/profheinen.de\/en\/wp-json\/wp\/v2\/types\/page"}],"author":[{"embeddable":true,"href":"https:\/\/profheinen.de\/en\/wp-json\/wp\/v2\/users\/2"}],"replies":[{"embeddable":true,"href":"https:\/\/profheinen.de\/en\/wp-json\/wp\/v2\/comments?post=8600"}],"version-history":[{"count":0,"href":"https:\/\/profheinen.de\/en\/wp-json\/wp\/v2\/pages\/8600\/revisions"}],"up":[{"embeddable":true,"href":"https:\/\/profheinen.de\/en\/wp-json\/wp\/v2\/pages\/8609"}],"wp:attachment":[{"href":"https:\/\/profheinen.de\/en\/wp-json\/wp\/v2\/media?parent=8600"}],"curies":[{"name":"wp","href":"https:\/\/api.w.org\/{rel}","templated":true}]}}