{"id":8602,"date":"2017-09-16T22:49:54","date_gmt":"2017-09-16T20:49:54","guid":{"rendered":"https:\/\/profheinen.de\/heart-rate-controlled-endurance-training\/"},"modified":"2025-05-05T13:08:15","modified_gmt":"2025-05-05T11:08:15","slug":"heart-rate-controlled-endurance-training","status":"publish","type":"page","link":"https:\/\/profheinen.de\/en\/training\/heart-rate-controlled-endurance-training\/","title":{"rendered":"Heart rate-controlled endurance training"},"content":{"rendered":"\t\t<div data-elementor-type=\"wp-page\" data-elementor-id=\"8602\" class=\"elementor elementor-8602 elementor-2762\" data-elementor-post-type=\"page\">\n\t\t\t\t\t\t<section class=\"elementor-section elementor-top-section elementor-element elementor-element-159ea18 elementor-section-boxed elementor-section-height-default elementor-section-height-default\" data-id=\"159ea18\" data-element_type=\"section\">\n\t\t\t\t\t\t<div class=\"elementor-container elementor-column-gap-default\">\n\t\t\t\t\t<div class=\"elementor-column elementor-col-66 elementor-top-column elementor-element elementor-element-84cbd14\" data-id=\"84cbd14\" data-element_type=\"column\">\n\t\t\t<div class=\"elementor-widget-wrap elementor-element-populated\">\n\t\t\t\t\t\t<div class=\"elementor-element elementor-element-f601292 elementor-widget elementor-widget-text-editor\" data-id=\"f601292\" data-element_type=\"widget\" data-widget_type=\"text-editor.default\">\n\t\t\t\t<div class=\"elementor-widget-container\">\n\t\t\t\t\t\t\t\t\t<h1>Herzfrequenzgesteuertes Ausdauertraining<\/h1><p>Wie im Kapitel Laktat-Test ausf\u00fchrlich beschrieben, empfiehlt sich zumindest f\u00fcr den &#8220;Gesundheitssportler&#8221; ein Training zwischen der 1. und 2. Laktatschwelle. Das Laktat entfaltet seine positiven &#8220;Hormonwirkungen&#8221;, die Laktat-Konzentration ist aber noch nicht so hoch, dass der Organismus sauer wird. Wurde eine Laktat-Test durchgef\u00fchrt, dann kann eine klare Empfehlung gemacht werden, bei welcher Herzfrequenz trainiert werden soll.<\/p><p>Nun ist auch der Laktat-Test mit einigem Aufwand verbunden. Daher hat man versucht, an Hand von Formeln die Herzfrequenz abzusch\u00e4tzen, bei der ein Proband wahrscheinlich im optimalen Herzfrequenzbereich trainiert.<\/p><p>Als eine wichtige Bezugsgr\u00f6\u00dfe wird dabei die sogenannte maximale Herzfrequenz (Max HF) herangezogen. Zur Ermittlung dieses Wertes wird in aller Regel eine Spiroergometrie (Beschreibung folgt) durchgef\u00fchrt, in der eine stufenweise Steigerung der Belastung bis hin zur Ersch\u00f6pfung erfolgt. Die Herzfrequenz steigt an bis zu einem Maximum, das typischerweise bei der maximal erzielten Belastung erreicht wird. Praktisch alle Untersuchungen zeigten, dass die maximale Herzfrequenz bei Ausbelastung mit dem Alter abnimmt. Die Altersabh\u00e4ngigkeit kann mit der Formel &#8220;Max HF = 220 Schl\u00e4ge \/ min &#8211; Alter in Jahren&#8221;\u00a0 recht gut beschrieben werden.<\/p><p>Da eine Ausbelastung nicht nur ausgesprochen unangenehm f\u00fcr den Probanden ist, sondern auch in der Gruppe der Herzkranken mit einem nicht unerheblichen Risiko verbunden ist, wird meist als Ersatzparameter f\u00fcr die wirklich gemessene maximale Herzfrequenz die berechnete &#8220;Max HF&#8221; verwendet.<\/p><p>An Hand tausender von Laktat-Testen und spiroergometrischer Untersuchungen &#8211; vor allen Dingen an Sportlern -wurden Verfahren entwickelt, mit denen eine zu empfehlende Herzfrequenz f\u00fcr das Ausdauertraining berechnet wird.<\/p><p>Die h\u00e4ufigste Verwendung findet dabei die<\/p><h3>Karvonen-Formel:<\/h3><p><strong><span style=\"color: #008000;\">(Max HF \u2013 Ruhepuls) x F + Ruhepuls<\/span><\/strong>\u00a0 (Wenn Max HF nicht bekannt: 220 \u2013 Alter),<\/p><p>wobei ein Faktor F angegeben wird, mit dem festgelegt werden soll, in welchem Trainingsbereich der Proband trainieren will:<\/p><ul><li>f\u00fcr das regenerative Training:\u00a0 F von 0,5 &#8211; 0,6\u00a0 \u00a0 \u00a0 \u00a0 \u00a0 \u00a0 &#8211; kein Laktat-Anstieg<\/li><li>f\u00fcr die Grundlagenausdauer I: F von 0,6 &#8211; 0,7\u00a0 \u00a0 \u00a0 \u00a0 \u00a0 \u00a0 &#8211; Beginn der Grundlagenausdauer I bei\u00a0 LT1<\/li><li>f\u00fcr die Grundlagenausdauer II: F von 0,7 &#8211; 0,8\u00a0 \u00a0 \u00a0 \u00a0 \u00a0 &#8211; Ende der Grundlagenausdauer II bei LT2<\/li><li>f\u00fcr den Entwicklungsbereich: F von 0,8 &#8211; 0,9\u00a0 \u00a0 \u00a0 \u00a0 \u00a0 \u00a0 \u00a0&#8211; Werte oberhalb LT2<\/li><li>wettkampfspezifischer Bereich:\u00a0 F = 1,0\u00a0 \u00a0 \u00a0 \u00a0 \u00a0 \u00a0 \u00a0 \u00a0 \u00a0 \u00a0 \u00a0 \u00a0 &#8211; Hohe bis sehr hohe Laktatwerte nach dem Endspurt, nicht zu fr\u00fch!<\/li><\/ul><p>Beispiel: 60 j\u00e4hriger Mann, Ruhepuls 70 \/ min: empfohlene Herzfrequenz =((220 &#8211; 60)-70) x 0,7 + 70 = 133 Schl\u00e4ge \/ Minute<\/p><figure id=\"attachment_3107\" aria-describedby=\"caption-attachment-3107\" style=\"width: 450px\" class=\"wp-caption aligncenter\"><img fetchpriority=\"high\" decoding=\"async\" class=\"size-full wp-image-3107\" src=\"https:\/\/profheinen.de\/wp-content\/uploads\/2017\/11\/Karvonen-e1511808888638.png\" alt=\"\" width=\"450\" height=\"289\" \/><figcaption id=\"caption-attachment-3107\" class=\"wp-caption-text\">Trainingsherzfrequenz nach Karvonen<\/figcaption><\/figure><p>Will man einen vern\u00fcnftigen Laktat-Anstieg erreichen, so sollte man zwischen LT1 und LT2 &#8211; bei einem Laktat von etwa 1 mmol \/l \u00fcber dem Ruhelaktat beginnen.<\/p><p>Beispiel f\u00fcr die Berechnung:\u00a0Beispiel: 60 j\u00e4hriger Mann, Ruhepuls 70 \/ min:<br \/>empfohlene Herzfrequenz =((220 &#8211; 60)-70) x 0,7 + 70 = 133 Schl\u00e4ge \/ Minute<\/p><p>Ich pers\u00f6nlich halte die hier angegebenen Herzfrequenzempfehlungen, die im Einzelfall ja ohne jeglichen Test gemacht werden, bei Leistungssportlern ja f\u00fcr denkbar, f\u00fcr Trainingsanf\u00e4nger allerdings f\u00fcr nicht akzeptabel zu hoch! Lediglich wenn im Laktat-Test oder in der Spiroergometrie eine entsprechende individuelle Belastbarkeit nachgewiesen wurde, sind so hohe Trainingsherzfrequenzen sinnvoll.<\/p><p>Auch aus dem medizinischen Bereich gibt es entsprechende Empfehlungen, bei welcher Herzfrequenz trainiert werden sollte<\/p><h3>Die Empfehlungen der American Heart Association<\/h3><figure id=\"attachment_3106\" aria-describedby=\"caption-attachment-3106\" style=\"width: 450px\" class=\"wp-caption aligncenter\"><img decoding=\"async\" class=\"size-full wp-image-3106\" src=\"https:\/\/profheinen.de\/wp-content\/uploads\/2017\/11\/AHA-herzfrequenz-e1512382038466.png\" alt=\"\" width=\"450\" height=\"289\" \/><figcaption id=\"caption-attachment-3106\" class=\"wp-caption-text\">Von der American Heart Association empfohlene Trainingsherzfrequenz. Zu Details und Kritik s. Text<\/figcaption><\/figure><p>Die American Heart Association empfiehlt mit einer Herzfrequenz von 50 % der altersspezifischen\u00a0 maximalen Herzfrequenz zu beginnen und die Belastung im Laufe von 6 Monaten bis auf 85 % der altersspezifischen maximalen Herzfrequenz zu steigern!<\/p><p><a href=\"http:\/\/www.heart.org\/HEARTORG\/HealthyLiving\/PhysicalActivity\/FitnessBasics\/Target-Heart-Rates_UCM_434341_Article.jsp#.WhxNN0ria70\">(During the first few weeks of working out, aim for the lower range of your target zone (50 percent) and gradually build up to the higher range (85 percent). After six months or more,you may be able to exercise comfortably at up to 85 percent of your maximum heart rate<\/a>.)<\/p><p>Ich kann mich nicht erinnern, dass es mir jemals gelungen w\u00e4re, einen z.B. 60 j\u00e4hrigen Patienten zu einem Training bei einer Herzfrequenz von 80 Schl\u00e4gen pro Minute zu motivieren! allenfalls gleich nach einem Infarkt oder bei einer Herzinsuffizienz! Andererseits habe ich selbst keinen\u00a0 60 j\u00e4hrigen erlebt, dem ich ein Ausdauer-Training bei einer durchschnittlichen Herzfrequenz von 137 Schl\u00e4gen pro Minute geraten h\u00e4tte. Die 60-J\u00e4hrigen, die ich gesehen habe, waren bei dieser Frequenz alle sauer, hatten alle deutlich zu hohe Laktat-Werte!<\/p><h3 id=\"ankera\"><a id=\"fallherz\"><\/a>Ein interessanter Fall:<\/h3><p>Wie problematisch solche als allgemein g\u00fcltig vermittelten Empfehlungen sind, m\u00f6chte ich Ihnen an Hand einer Patientin verdeutlichen (k\u00f6nnte noch sehr viele \u00e4hnliche F\u00e4lle anf\u00fcgen!).<\/p><p>Eine 40 j\u00e4hrige Sportlehrerin, aktive Tennisspielerin, kam in die Praxis. Sie klagte dar\u00fcber, dass Sie seit ca 3 Jahren nicht mehr leistungsf\u00e4hig sei. Begonnen habe es mit einem Ebstein-Barr-Virus Infekt, mit dem Pfeiffer&#8217;schen Dr\u00fcsenfieber. Die Erkrankung habe sich viele Wochen hingezogen. Anschlie\u00dfend sei sie k\u00f6rperlich nicht mehr auf die Beine gekommen. Beim Sportuntericht den Sch\u00fclern etwas zu zeigen, sei fast nicht mehr m\u00f6glich gewesen. Der Versuch, wieder Tennis zu spielen, sei jedesmal \u00fcber Wochen mit st\u00e4rksten Muskelschmerzen und Allgemein-Beschwerden verbunden gewesen. Auch jeder Versuch, das Training langsam wieder aufzunehmen, sei in \u00e4hnlicher Weise &#8220;bestraft&#8221; worden. Sie habe versucht, bei einer relativ niedrigen Herzfrequenz von maximal 130 Schl\u00e4gen pro Minute zu trainieren &#8211; mit gleichen k\u00f6rperlichen Beschwerden als Folge.<\/p><figure id=\"attachment_3279\" aria-describedby=\"caption-attachment-3279\" style=\"width: 450px\" class=\"wp-caption aligncenter\"><img decoding=\"async\" class=\"size-full wp-image-3279\" src=\"https:\/\/profheinen.de\/wp-content\/uploads\/2018\/04\/Anpassung-des-herzfrequenzgesteuerten-Trainings-nach-dem-Laktat-e1523888624329.gif\" alt=\"\" width=\"450\" height=\"338\" \/><figcaption id=\"caption-attachment-3279\" class=\"wp-caption-text\">Anpassung des herzfrequenzgesteuerten Tranings nach dem Laktat. Orange :Laktat vor und nach Belastung; Blau: Herzfrequenz vor und nach Belastung. Die gestrichelten gr\u00fcnen Linien zeigen die jeweils empfohlene Trainingsherzfrequenz.<\/figcaption><\/figure><p>Beim Laktat-Test mit Spiroergometrie zeigte sich schon bei einer Herzfrequenz von 100 Schl\u00e4gen pro Minute ein Laktat-Anstieg von in Ruhe 1,2 auf 5,0 mmol\/l. Die Patientin protestierte, als ich daraufhin den Belastungstest abgebrochen habe. Nur mit der Erkl\u00e4rung, dass sie doch schon drei Jahre lang ohne Erfolg versucht habe, ihr Training wieder aufzunehmen, konnte sie veranlassen, eine Woche lang bei einer Frequenz von 95 Schl\u00e4gen pro Minute etwa 1 \/ 2 Stunde pro Tag zu trainieren. Vereinbarungsgem\u00e4\u00df stellte sie sich nach einer Woche wieder vor. Sie ging 10 Minuten aufs Ergometer. Bei einer Herzfrequenz von 95 Schl\u00e4gen \/ Minute wurde das Laktat mit 1,0 mmol\/l gemessen. Daraufhin wurde in der gleichen Sitzung die Herzfrequenz f\u00fcr 10 Minute auf 110 Schl\u00e4ge \/ min gesteigert. Das Laktat stieg auf 2,8 mmol\/l an. Nach einer Woche Training f\u00fcr 45 &#8211; 60 Minuten \/ Tag\u00a0 bei 110 Schl\u00e4gen \/ Minute, wurde nach 10 Min ihrer Trainingsherzfrequenz von 110 \/ Min wieder ein Laktat von 1,0 gemessen. 10 Minuten bei 120 \/ Min steigerten das Laktat auf 2,2 mmol \/ l. Nach 6 Wochen f\u00fchlte die Patientin sich wieder Leistungsf\u00e4hig. Bei einer Herzfrequenz von 140 \/ Minute Anstieg des Laktat auf 1,6 mmol\/l. Anschlie\u00dfend wurde die sich wieder fit f\u00fchlende 40-J\u00e4hrige nicht mehr in der Praxis gesehen!<\/p><p>Das Beispiel zeigt, dass &#8211; zumindest in speziellen F\u00e4llen &#8211; eine individuelle Absch\u00e4tzung der vern\u00fcnftigen Trainingsherzfrequenz mittels Laktat-Test oder Spiroergometrie notwendig ist, um dem Trainingswilligen eine Chance zu geben. Und wenn Sie mich fragen, sind wir fast alle: besondere F\u00e4lle!\u00a0 Bedenkt man, wie viel man f\u00fcr seinen Sport ausgibt, f\u00fcr die &#8220;Klamotten&#8221;, den Tennis- oder Golfschl\u00e4ger, die Fahrten zum Sportplatz oder die Beitr\u00e4ge im Verein oder im Fitnessstudio, dann macht ein vern\u00fcnftiger Start\u00a0 des Trainings Sinn, besonders, wenn man erkrankt war oder ist, bzw l\u00e4ngere Zeit nichts mehr getan hat!<\/p><p>Zur Zeit werte ich die Ergebnisse von 100 Laktat-Testen von M\u00e4nnern und Frauen zu Beginn ihrer Mitgliedschaft in einem Fitnessstudio aus. Die Ergebnisse: wie oft w\u00e4re eine Absch\u00e4tzung der vern\u00fcnftigen Trainingsherzfrequenz mit welchem der oben geschilderten Modelle zielf\u00fchrend gewesen.<\/p><p>Ein mittel Laktat-Test ermittelter Zielkorridor f\u00fcr die Trainingsherzfrequenz bei Ausdauerbelastung gibt an, bei welcher Herzfrequenz Sie ihr Training beginnen sollten. Mit zunehmendem Trainingserfolg wird aber auch das Laktat bei gleichbleibender Belastung nicht mehr \u00fcber den Ruhewert ansteigen. Die Folge: Es findet keine wesentliche weitere Steigerung Ihrer k\u00f6rperlichen Leistungsf\u00e4higkeit statt,<\/p><p>Eine <a href=\"https:\/\/profheinen.de\/anpassung-der-trainingsherzfrequenz\/\">Anpassung der Trainingsherzfrequenz<\/a> sollte erfolgen.<\/p>\t\t\t\t\t\t\t\t<\/div>\n\t\t\t\t<\/div>\n\t\t\t\t\t<\/div>\n\t\t<\/div>\n\t\t\t\t<div class=\"elementor-column elementor-col-33 elementor-top-column elementor-element elementor-element-d3cf6ab\" data-id=\"d3cf6ab\" data-element_type=\"column\">\n\t\t\t<div class=\"elementor-widget-wrap elementor-element-populated\">\n\t\t\t\t\t\t<div class=\"elementor-element elementor-element-a78123c hfe-nav-menu__align-left hfe-submenu-icon-arrow hfe-submenu-animation-none hfe-link-redirect-child hfe-nav-menu__breakpoint-tablet elementor-widget elementor-widget-navigation-menu\" data-id=\"a78123c\" data-element_type=\"widget\" data-settings=\"{&quot;padding_horizontal_menu_item&quot;:{&quot;unit&quot;:&quot;px&quot;,&quot;size&quot;:15,&quot;sizes&quot;:[]},&quot;padding_horizontal_menu_item_tablet&quot;:{&quot;unit&quot;:&quot;px&quot;,&quot;size&quot;:&quot;&quot;,&quot;sizes&quot;:[]},&quot;padding_horizontal_menu_item_mobile&quot;:{&quot;unit&quot;:&quot;px&quot;,&quot;size&quot;:&quot;&quot;,&quot;sizes&quot;:[]},&quot;padding_vertical_menu_item&quot;:{&quot;unit&quot;:&quot;px&quot;,&quot;size&quot;:15,&quot;sizes&quot;:[]},&quot;padding_vertical_menu_item_tablet&quot;:{&quot;unit&quot;:&quot;px&quot;,&quot;size&quot;:&quot;&quot;,&quot;sizes&quot;:[]},&quot;padding_vertical_menu_item_mobile&quot;:{&quot;unit&quot;:&quot;px&quot;,&quot;size&quot;:&quot;&quot;,&quot;sizes&quot;:[]},&quot;menu_space_between&quot;:{&quot;unit&quot;:&quot;px&quot;,&quot;size&quot;:&quot;&quot;,&quot;sizes&quot;:[]},&quot;menu_space_between_tablet&quot;:{&quot;unit&quot;:&quot;px&quot;,&quot;size&quot;:&quot;&quot;,&quot;sizes&quot;:[]},&quot;menu_space_between_mobile&quot;:{&quot;unit&quot;:&quot;px&quot;,&quot;size&quot;:&quot;&quot;,&quot;sizes&quot;:[]},&quot;menu_row_space&quot;:{&quot;unit&quot;:&quot;px&quot;,&quot;size&quot;:&quot;&quot;,&quot;sizes&quot;:[]},&quot;menu_row_space_tablet&quot;:{&quot;unit&quot;:&quot;px&quot;,&quot;size&quot;:&quot;&quot;,&quot;sizes&quot;:[]},&quot;menu_row_space_mobile&quot;:{&quot;unit&quot;:&quot;px&quot;,&quot;size&quot;:&quot;&quot;,&quot;sizes&quot;:[]},&quot;dropdown_border_radius&quot;:{&quot;unit&quot;:&quot;px&quot;,&quot;top&quot;:&quot;&quot;,&quot;right&quot;:&quot;&quot;,&quot;bottom&quot;:&quot;&quot;,&quot;left&quot;:&quot;&quot;,&quot;isLinked&quot;:true},&quot;dropdown_border_radius_tablet&quot;:{&quot;unit&quot;:&quot;px&quot;,&quot;top&quot;:&quot;&quot;,&quot;right&quot;:&quot;&quot;,&quot;bottom&quot;:&quot;&quot;,&quot;left&quot;:&quot;&quot;,&quot;isLinked&quot;:true},&quot;dropdown_border_radius_mobile&quot;:{&quot;unit&quot;:&quot;px&quot;,&quot;top&quot;:&quot;&quot;,&quot;right&quot;:&quot;&quot;,&quot;bottom&quot;:&quot;&quot;,&quot;left&quot;:&quot;&quot;,&quot;isLinked&quot;:true},&quot;width_dropdown_item&quot;:{&quot;unit&quot;:&quot;px&quot;,&quot;size&quot;:&quot;220&quot;,&quot;sizes&quot;:[]},&quot;width_dropdown_item_tablet&quot;:{&quot;unit&quot;:&quot;px&quot;,&quot;size&quot;:&quot;&quot;,&quot;sizes&quot;:[]},&quot;width_dropdown_item_mobile&quot;:{&quot;unit&quot;:&quot;px&quot;,&quot;size&quot;:&quot;&quot;,&quot;sizes&quot;:[]},&quot;padding_horizontal_dropdown_item&quot;:{&quot;unit&quot;:&quot;px&quot;,&quot;size&quot;:&quot;&quot;,&quot;sizes&quot;:[]},&quot;padding_horizontal_dropdown_item_tablet&quot;:{&quot;unit&quot;:&quot;px&quot;,&quot;size&quot;:&quot;&quot;,&quot;sizes&quot;:[]},&quot;padding_horizontal_dropdown_item_mobile&quot;:{&quot;unit&quot;:&quot;px&quot;,&quot;size&quot;:&quot;&quot;,&quot;sizes&quot;:[]},&quot;padding_vertical_dropdown_item&quot;:{&quot;unit&quot;:&quot;px&quot;,&quot;size&quot;:15,&quot;sizes&quot;:[]},&quot;padding_vertical_dropdown_item_tablet&quot;:{&quot;unit&quot;:&quot;px&quot;,&quot;size&quot;:&quot;&quot;,&quot;sizes&quot;:[]},&quot;padding_vertical_dropdown_item_mobile&quot;:{&quot;unit&quot;:&quot;px&quot;,&quot;size&quot;:&quot;&quot;,&quot;sizes&quot;:[]},&quot;distance_from_menu&quot;:{&quot;unit&quot;:&quot;px&quot;,&quot;size&quot;:&quot;&quot;,&quot;sizes&quot;:[]},&quot;distance_from_menu_tablet&quot;:{&quot;unit&quot;:&quot;px&quot;,&quot;size&quot;:&quot;&quot;,&quot;sizes&quot;:[]},&quot;distance_from_menu_mobile&quot;:{&quot;unit&quot;:&quot;px&quot;,&quot;size&quot;:&quot;&quot;,&quot;sizes&quot;:[]},&quot;toggle_size&quot;:{&quot;unit&quot;:&quot;px&quot;,&quot;size&quot;:&quot;&quot;,&quot;sizes&quot;:[]},&quot;toggle_size_tablet&quot;:{&quot;unit&quot;:&quot;px&quot;,&quot;size&quot;:&quot;&quot;,&quot;sizes&quot;:[]},&quot;toggle_size_mobile&quot;:{&quot;unit&quot;:&quot;px&quot;,&quot;size&quot;:&quot;&quot;,&quot;sizes&quot;:[]},&quot;toggle_border_width&quot;:{&quot;unit&quot;:&quot;px&quot;,&quot;size&quot;:&quot;&quot;,&quot;sizes&quot;:[]},&quot;toggle_border_width_tablet&quot;:{&quot;unit&quot;:&quot;px&quot;,&quot;size&quot;:&quot;&quot;,&quot;sizes&quot;:[]},&quot;toggle_border_width_mobile&quot;:{&quot;unit&quot;:&quot;px&quot;,&quot;size&quot;:&quot;&quot;,&quot;sizes&quot;:[]},&quot;toggle_border_radius&quot;:{&quot;unit&quot;:&quot;px&quot;,&quot;size&quot;:&quot;&quot;,&quot;sizes&quot;:[]},&quot;toggle_border_radius_tablet&quot;:{&quot;unit&quot;:&quot;px&quot;,&quot;size&quot;:&quot;&quot;,&quot;sizes&quot;:[]},&quot;toggle_border_radius_mobile&quot;:{&quot;unit&quot;:&quot;px&quot;,&quot;size&quot;:&quot;&quot;,&quot;sizes&quot;:[]}}\" data-widget_type=\"navigation-menu.default\">\n\t\t\t\t<div class=\"elementor-widget-container\">\n\t\t\t\t\t\t\t\t<div class=\"hfe-nav-menu hfe-layout-horizontal hfe-nav-menu-layout horizontal hfe-pointer__none\" data-layout=\"horizontal\">\n\t\t\t\t<div role=\"button\" class=\"hfe-nav-menu__toggle elementor-clickable\">\n\t\t\t\t\t<span class=\"screen-reader-text\">Menu<\/span>\n\t\t\t\t\t<div class=\"hfe-nav-menu-icon\">\n\t\t\t\t\t\t<i aria-hidden=\"true\"  class=\"fas fa-align-justify\"><\/i>\t\t\t\t\t<\/div>\n\t\t\t\t<\/div>\n\t\t\t\t<nav class=\"hfe-nav-menu__layout-horizontal hfe-nav-menu__submenu-arrow\" data-toggle-icon=\"&lt;i aria-hidden=&quot;true&quot; tabindex=&quot;0&quot; class=&quot;fas fa-align-justify&quot;&gt;&lt;\/i&gt;\" data-close-icon=\"&lt;i aria-hidden=&quot;true&quot; tabindex=&quot;0&quot; class=&quot;far fa-window-close&quot;&gt;&lt;\/i&gt;\" data-full-width=\"yes\">\n\t\t\t\t\t<ul id=\"menu-1-a78123c\" class=\"hfe-nav-menu\"><li id=\"menu-item-3320\" class=\"menu-item menu-item-type-post_type menu-item-object-page parent hfe-creative-menu\"><a href=\"https:\/\/profheinen.de\/training-2\/steuerung-des-ausdauertrainings\/\" class = \"hfe-menu-item\">Control of endurance training<\/a><\/li>\n<li id=\"menu-item-2807\" class=\"menu-item menu-item-type-post_type menu-item-object-page parent hfe-creative-menu\"><a href=\"https:\/\/profheinen.de\/training-2\/herzfrequenzgesteuertes-ausdauertraining\/\" class = \"hfe-menu-item\">Heart rate-controlled endurance training<\/a><\/li>\n<li id=\"menu-item-2808\" class=\"menu-item menu-item-type-post_type menu-item-object-page parent hfe-creative-menu\"><a href=\"https:\/\/profheinen.de\/training-2\/anpassung-der-trainingsherzfrequenz-nach-dem-laktat-im-steady-state\/\" class = \"hfe-menu-item\">Adaptation of the training heart rate according to the lactate in the steady state<\/a><\/li>\n<li id=\"menu-item-3357\" class=\"menu-item menu-item-type-post_type menu-item-object-page parent hfe-creative-menu\"><a href=\"https:\/\/profheinen.de\/training-2\/qualitaet-der-trainer\/\" class = \"hfe-menu-item\">Quality of the trainers<\/a><\/li>\n<li id=\"menu-item-4487\" class=\"menu-item menu-item-type-post_type menu-item-object-page parent hfe-creative-menu\"><a href=\"https:\/\/profheinen.de\/training-2\/qualitaet-von-fitnessstudios\/\" class = \"hfe-menu-item\">Quality of fitness studios<\/a><\/li>\n<\/ul> \n\t\t\t\t<\/nav>\n\t\t\t<\/div>\n\t\t\t\t\t\t\t<\/div>\n\t\t\t\t<\/div>\n\t\t\t\t\t<\/div>\n\t\t<\/div>\n\t\t\t\t\t<\/div>\n\t\t<\/section>\n\t\t\t\t<\/div>\n\t\t","protected":false},"excerpt":{"rendered":"<p>Herzfrequenzgesteuertes Ausdauertraining Wie im Kapitel Laktat-Test ausf\u00fchrlich beschrieben, empfiehlt sich zumindest f\u00fcr den &#8220;Gesundheitssportler&#8221; ein Training zwischen der 1. und 2. Laktatschwelle. Das Laktat entfaltet seine positiven &#8220;Hormonwirkungen&#8221;, die Laktat-Konzentration ist aber noch nicht so hoch, dass der Organismus sauer wird. Wurde eine Laktat-Test durchgef\u00fchrt, dann kann eine klare Empfehlung gemacht werden, bei welcher Herzfrequenz [&hellip;]<\/p>\n","protected":false},"author":2,"featured_media":0,"parent":8623,"menu_order":0,"comment_status":"closed","ping_status":"closed","template":"","meta":{"_custom_body_class":"","_custom_post_class":"","om_disable_all_campaigns":false,"_monsterinsights_skip_tracking":false,"_monsterinsights_sitenote_active":false,"_monsterinsights_sitenote_note":"","_monsterinsights_sitenote_category":0,"_uf_show_specific_survey":0,"_uf_disable_surveys":false,"site-sidebar-layout":"default","site-content-layout":"default","ast-site-content-layout":"","site-content-style":"default","site-sidebar-style":"default","ast-global-header-display":"","ast-banner-title-visibility":"","ast-main-header-display":"","ast-hfb-above-header-display":"","ast-hfb-below-header-display":"","ast-hfb-mobile-header-display":"","site-post-title":"disabled","ast-breadcrumbs-content":"","ast-featured-img":"","footer-sml-layout":"","theme-transparent-header-meta":"default","adv-header-id-meta":"","stick-header-meta":"","header-above-stick-meta":"","header-main-stick-meta":"","header-below-stick-meta":"","astra-migrate-meta-layouts":"default","ast-page-background-enabled":"default","ast-page-background-meta":{"desktop":{"background-color":"","background-image":"","background-repeat":"repeat","background-position":"center center","background-size":"auto","background-attachment":"scroll","background-type":"","background-media":"","overlay-type":"","overlay-color":"","overlay-opacity":"","overlay-gradient":""},"tablet":{"background-color":"","background-image":"","background-repeat":"repeat","background-position":"center center","background-size":"auto","background-attachment":"scroll","background-type":"","background-media":"","overlay-type":"","overlay-color":"","overlay-opacity":"","overlay-gradient":""},"mobile":{"background-color":"","background-image":"","background-repeat":"repeat","background-position":"center center","background-size":"auto","background-attachment":"scroll","background-type":"","background-media":"","overlay-type":"","overlay-color":"","overlay-opacity":"","overlay-gradient":""}},"ast-content-background-meta":{"desktop":{"background-color":"var(--ast-global-color-5)","background-image":"","background-repeat":"repeat","background-position":"center center","background-size":"auto","background-attachment":"scroll","background-type":"","background-media":"","overlay-type":"","overlay-color":"","overlay-opacity":"","overlay-gradient":""},"tablet":{"background-color":"var(--ast-global-color-5)","background-image":"","background-repeat":"repeat","background-position":"center center","background-size":"auto","background-attachment":"scroll","background-type":"","background-media":"","overlay-type":"","overlay-color":"","overlay-opacity":"","overlay-gradient":""},"mobile":{"background-color":"var(--ast-global-color-5)","background-image":"","background-repeat":"repeat","background-position":"center center","background-size":"auto","background-attachment":"scroll","background-type":"","background-media":"","overlay-type":"","overlay-color":"","overlay-opacity":"","overlay-gradient":""}},"footnotes":""},"class_list":["post-8602","page","type-page","status-publish","hentry"],"aioseo_notices":[],"_links":{"self":[{"href":"https:\/\/profheinen.de\/en\/wp-json\/wp\/v2\/pages\/8602","targetHints":{"allow":["GET"]}}],"collection":[{"href":"https:\/\/profheinen.de\/en\/wp-json\/wp\/v2\/pages"}],"about":[{"href":"https:\/\/profheinen.de\/en\/wp-json\/wp\/v2\/types\/page"}],"author":[{"embeddable":true,"href":"https:\/\/profheinen.de\/en\/wp-json\/wp\/v2\/users\/2"}],"replies":[{"embeddable":true,"href":"https:\/\/profheinen.de\/en\/wp-json\/wp\/v2\/comments?post=8602"}],"version-history":[{"count":0,"href":"https:\/\/profheinen.de\/en\/wp-json\/wp\/v2\/pages\/8602\/revisions"}],"up":[{"embeddable":true,"href":"https:\/\/profheinen.de\/en\/wp-json\/wp\/v2\/pages\/8623"}],"wp:attachment":[{"href":"https:\/\/profheinen.de\/en\/wp-json\/wp\/v2\/media?parent=8602"}],"curies":[{"name":"wp","href":"https:\/\/api.w.org\/{rel}","templated":true}]}}