{"id":8623,"date":"2017-05-06T17:29:43","date_gmt":"2017-05-06T15:29:43","guid":{"rendered":"https:\/\/profheinen.de\/training\/"},"modified":"2025-05-04T15:38:08","modified_gmt":"2025-05-04T13:38:08","slug":"training","status":"publish","type":"page","link":"https:\/\/profheinen.de\/en\/training\/","title":{"rendered":"Training"},"content":{"rendered":"\t\t<div data-elementor-type=\"wp-page\" data-elementor-id=\"8623\" class=\"elementor elementor-8623 elementor-2514\" data-elementor-post-type=\"page\">\n\t\t\t\t\t\t<section class=\"elementor-section elementor-top-section elementor-element elementor-element-a6a86f2 elementor-section-boxed elementor-section-height-default elementor-section-height-default\" data-id=\"a6a86f2\" data-element_type=\"section\">\n\t\t\t\t\t\t<div class=\"elementor-container elementor-column-gap-default\">\n\t\t\t\t\t<div class=\"elementor-column elementor-col-66 elementor-top-column elementor-element elementor-element-0af8b33\" data-id=\"0af8b33\" data-element_type=\"column\">\n\t\t\t<div class=\"elementor-widget-wrap elementor-element-populated\">\n\t\t\t\t\t\t<div class=\"elementor-element elementor-element-465e3ef elementor-widget elementor-widget-text-editor\" data-id=\"465e3ef\" data-element_type=\"widget\" data-widget_type=\"text-editor.default\">\n\t\t\t\t<div class=\"elementor-widget-container\">\n\t\t\t\t\t\t\t\t\t<h1>Training<\/h1><p>Unter Training versteht man allgemein das \u00dcben bestimmter F\u00e4higkeiten. Dabei sind meist die k\u00f6rperliche F\u00e4higkeiten gemeint. Das Trainieren der geistigen F\u00e4higkeiten nennen wir in der Regel: lernen.<\/p><p><a href=\"https:\/\/profheinen.de\/sport-und-bewegung\/bewegung-und-lebensdauer\/\">K\u00f6rperliche Aktivit\u00e4t<\/a> und <a href=\"https:\/\/profheinen.de\/sport-und-bewegung\/koerperliche-leistungsfaehigkeit-und-lebensdauer\/\">k\u00f6rperliche Leistungsf\u00e4higkeit<\/a> sind mit einer geringeren Wahrscheinlichkeit, zu erkranken, verbunden, erh\u00f6hen die Lebensdauer.\u00a0 Eine Steigerung, ein Training der k\u00f6rperlichen Leistungsf\u00e4higkeit kann die Wahrscheinlichkeit, zu erkranken, reduzieren. Wie aber funktioniert Training?<\/p><p>Unser Organismus ist offensichtlich so konstruiert, dass er Systeme, die er nur wenig braucht, zur\u00fcckf\u00e4hrt. Legt man sich \u00fcber viele Wochen ins Bett, so werden die Gr\u00f6\u00dfe des Herzens, das Schlagvolumen, die Muskelmasse ja sogar die Knochenmasse abnehmen, atrophieren. Der K\u00f6rper passt seine Werkzeuge dem Bedarf an. Umgekehrt f\u00fchrt mehr Bewegung zu einer Zunahme des Schlagvolumens und der Gr\u00f6\u00dfe des Herzens, zu einer Mehrung der Muskelmasse und der Kraft. Sogar das Knochenwachstum wird an den Stelle, die besonders beansprucht werden, stimuliert &#8211; ein &#8220;atmendes System&#8221;.<\/p><p>So ist es auch nicht erstaunlich, dass jemand, der wochenlang inaktiv im Bett gelegen hat, nicht in der Lage ist, einen 1000 Meter Lauf und das noch in einer vern\u00fcnftigen Zeit zu absolvieren. Er muss seine diesbez\u00fcglichen F\u00e4higkeiten wieder trainieren.<\/p><p><strong>Meine Negativ-Erfahrungen:<\/strong> Patienten z. B. mit beginnendem Typ II Diabetes, denen ich dringend zu mehr Bewegung geraten hatte, die einen Verein oder ein Fitnessstudio aufgesucht hatten, kamen meist nach wenigen Wochen frustriert zur\u00fcck. Die meisten hatten sich so \u00fcberlastet, dass sie mehr Nachteile vom Training als Vorteile erfahren hatten.<\/p><p>Gerade im Bereich des Ausdauertrainings sind sinnvolle Anweisungen f\u00fcr den Trainingswilligen die Voraussetzung f\u00fcr den Erfolg. Und dabei gilt &#8211; wie so oft &#8211;<\/p><h3>auf die Dosis kommt es an!<\/h3><p>Bei jeder k\u00f6rperlichen Belastung wird Sauerstoff zur Energiebereitstellung ben\u00f6tigt. Dabei begrenzen in erster Linie das Herzminutenvolumen, die Durchblutung der eingesetzten Muskulatur, die Aufnahmem\u00f6glichkeit der Muskelzellen f\u00fcr Sauerstoff und die Anzahl und F\u00e4higkeit der Mitochondrien, der Kraftwerke der Zellen, die Leistungsf\u00e4higkeit. Mit steigender Belastung wird von den vermehrt t\u00e4tigen Muskelzellen\u00a0 vermehrt Milchs\u00e4ure gebildet. Nahm man fr\u00fcher an, dass die vermehrte Bildung von Laktat lediglich die Folge eines zunehmenden Sauerstoffmangels sei, so finden sich\u00a0 in den letzten Jahren doch immer mehr Argumente daf\u00fcr, dass das Laktat ein Botenstoff ist, ein Hormon, das bei der Vermittlung der positiven Auswirkungen des Sports auf unsere Gesundheit eine wichtige Rolle spielt. Bei einem <a href=\"https:\/\/profheinen.de\/diagnostik\/energiestoffwechsel-bei-bewegung\/#anteildeslaktat\">Anteil des Laktat an der Energiebereitstellung<\/a>\u00a0f\u00fcr die belastete Muskulatur von wenigen Promill (zwischen den beiden Laktat-Schwellen) ist wohl nicht anzunehmen, dass der zus\u00e4tzliche Energiebedarf des arbeitenden Muskulatur der ausl\u00f6sende Faktor ist. Vielmehr wird dem Organismus mittels des Laktat-Anstiegs mitgeteilt, dass er sich an eine vermehrte Belastung anpassen soll (Laktat als Botenstoff, Hormon).<\/p><p>Also &#8211; je mehr Laktat gebildet wird, desto besser?<\/p><p>Ganz sicher nicht! Bei den Hormonen kommt es auf die richtige Menge an: zu wenig Hormon geht mit einer Unterfunktion einher, zu viel Hormone sind typisch f\u00fcr eine \u00dcberfunktion &#8211; beides oft nicht ungef\u00e4hrliche Zust\u00e4nde, die man tunlichst vermeiden sollte!<br \/>Unterfunktion der Schilddr\u00fcse: Hypothyreose &#8211; \u00dcberfunktion der Schilddr\u00fcse Hyperthyreose<br \/>Unterfunktion der Nebenniere: Hypocortisolismus &#8211; \u00dcberfunktion der Nebenniere &#8211; Hypercortisolismus u.s.w.<br \/>Sowohl eine Unter- als auch eine \u00dcberfunktion geht mit gravierenden Folgen einher!<\/p><p>Ist der belasteten Muskulatur die abverlangte Belastung zu intensiv, so bildet sie vermehrt Milchs\u00e4ure, die sich in\u00a0Laktat<sup>&#8211;<\/sup> und H<sup>+<\/sup>Ionen aufspaltet, <a href=\"https:\/\/profheinen.de\/diagnostik\/laktat-test\/#sauer\">der Organismus wird sauer<\/a>, der pH-Wert sinkt mit gravierenden Folgen. Dauert die vermehrte Bildung von Milchs\u00e4ure l\u00e4nger an, so wird zus\u00e4tzlich vermehrt Muskeleiwei\u00df unter Mithilfe von Cortison zu Glucose umgesetzt (Gluconeogenese). Die Glucose-Neubildung aus Muskeleiwei\u00dfen ist kontraproduktiv im Sinne des Trainings!<\/p><p>Andererseits kommt bei zu geringer Belastung allenfalls ein geringer Trainingseffekt zustande. Ein geringer Anstieg des Laktat ist f\u00fcr die Vermittlung der Trainingseffekte wichtig; man redet heute schon vom &#8220;Laktathormon&#8221;.<\/p><p><a href=\"https:\/\/profheinen.de\/training\/steuerung-des-ausdauertrainings\/\">Wie kann man das Ausdauertraining steuern<\/a>?<\/p>\t\t\t\t\t\t\t\t<\/div>\n\t\t\t\t<\/div>\n\t\t\t\t\t<\/div>\n\t\t<\/div>\n\t\t\t\t<div class=\"elementor-column elementor-col-33 elementor-top-column elementor-element elementor-element-1f05488\" data-id=\"1f05488\" data-element_type=\"column\">\n\t\t\t<div class=\"elementor-widget-wrap elementor-element-populated\">\n\t\t\t\t\t\t<div class=\"elementor-element elementor-element-e47a447 hfe-nav-menu__align-left hfe-submenu-icon-arrow hfe-submenu-animation-none hfe-link-redirect-child hfe-nav-menu__breakpoint-tablet elementor-widget elementor-widget-navigation-menu\" data-id=\"e47a447\" data-element_type=\"widget\" data-settings=\"{&quot;padding_horizontal_menu_item&quot;:{&quot;unit&quot;:&quot;px&quot;,&quot;size&quot;:15,&quot;sizes&quot;:[]},&quot;padding_horizontal_menu_item_tablet&quot;:{&quot;unit&quot;:&quot;px&quot;,&quot;size&quot;:&quot;&quot;,&quot;sizes&quot;:[]},&quot;padding_horizontal_menu_item_mobile&quot;:{&quot;unit&quot;:&quot;px&quot;,&quot;size&quot;:&quot;&quot;,&quot;sizes&quot;:[]},&quot;padding_vertical_menu_item&quot;:{&quot;unit&quot;:&quot;px&quot;,&quot;size&quot;:15,&quot;sizes&quot;:[]},&quot;padding_vertical_menu_item_tablet&quot;:{&quot;unit&quot;:&quot;px&quot;,&quot;size&quot;:&quot;&quot;,&quot;sizes&quot;:[]},&quot;padding_vertical_menu_item_mobile&quot;:{&quot;unit&quot;:&quot;px&quot;,&quot;size&quot;:&quot;&quot;,&quot;sizes&quot;:[]},&quot;menu_space_between&quot;:{&quot;unit&quot;:&quot;px&quot;,&quot;size&quot;:&quot;&quot;,&quot;sizes&quot;:[]},&quot;menu_space_between_tablet&quot;:{&quot;unit&quot;:&quot;px&quot;,&quot;size&quot;:&quot;&quot;,&quot;sizes&quot;:[]},&quot;menu_space_between_mobile&quot;:{&quot;unit&quot;:&quot;px&quot;,&quot;size&quot;:&quot;&quot;,&quot;sizes&quot;:[]},&quot;menu_row_space&quot;:{&quot;unit&quot;:&quot;px&quot;,&quot;size&quot;:&quot;&quot;,&quot;sizes&quot;:[]},&quot;menu_row_space_tablet&quot;:{&quot;unit&quot;:&quot;px&quot;,&quot;size&quot;:&quot;&quot;,&quot;sizes&quot;:[]},&quot;menu_row_space_mobile&quot;:{&quot;unit&quot;:&quot;px&quot;,&quot;size&quot;:&quot;&quot;,&quot;sizes&quot;:[]},&quot;dropdown_border_radius&quot;:{&quot;unit&quot;:&quot;px&quot;,&quot;top&quot;:&quot;&quot;,&quot;right&quot;:&quot;&quot;,&quot;bottom&quot;:&quot;&quot;,&quot;left&quot;:&quot;&quot;,&quot;isLinked&quot;:true},&quot;dropdown_border_radius_tablet&quot;:{&quot;unit&quot;:&quot;px&quot;,&quot;top&quot;:&quot;&quot;,&quot;right&quot;:&quot;&quot;,&quot;bottom&quot;:&quot;&quot;,&quot;left&quot;:&quot;&quot;,&quot;isLinked&quot;:true},&quot;dropdown_border_radius_mobile&quot;:{&quot;unit&quot;:&quot;px&quot;,&quot;top&quot;:&quot;&quot;,&quot;right&quot;:&quot;&quot;,&quot;bottom&quot;:&quot;&quot;,&quot;left&quot;:&quot;&quot;,&quot;isLinked&quot;:true},&quot;width_dropdown_item&quot;:{&quot;unit&quot;:&quot;px&quot;,&quot;size&quot;:&quot;220&quot;,&quot;sizes&quot;:[]},&quot;width_dropdown_item_tablet&quot;:{&quot;unit&quot;:&quot;px&quot;,&quot;size&quot;:&quot;&quot;,&quot;sizes&quot;:[]},&quot;width_dropdown_item_mobile&quot;:{&quot;unit&quot;:&quot;px&quot;,&quot;size&quot;:&quot;&quot;,&quot;sizes&quot;:[]},&quot;padding_horizontal_dropdown_item&quot;:{&quot;unit&quot;:&quot;px&quot;,&quot;size&quot;:&quot;&quot;,&quot;sizes&quot;:[]},&quot;padding_horizontal_dropdown_item_tablet&quot;:{&quot;unit&quot;:&quot;px&quot;,&quot;size&quot;:&quot;&quot;,&quot;sizes&quot;:[]},&quot;padding_horizontal_dropdown_item_mobile&quot;:{&quot;unit&quot;:&quot;px&quot;,&quot;size&quot;:&quot;&quot;,&quot;sizes&quot;:[]},&quot;padding_vertical_dropdown_item&quot;:{&quot;unit&quot;:&quot;px&quot;,&quot;size&quot;:15,&quot;sizes&quot;:[]},&quot;padding_vertical_dropdown_item_tablet&quot;:{&quot;unit&quot;:&quot;px&quot;,&quot;size&quot;:&quot;&quot;,&quot;sizes&quot;:[]},&quot;padding_vertical_dropdown_item_mobile&quot;:{&quot;unit&quot;:&quot;px&quot;,&quot;size&quot;:&quot;&quot;,&quot;sizes&quot;:[]},&quot;distance_from_menu&quot;:{&quot;unit&quot;:&quot;px&quot;,&quot;size&quot;:&quot;&quot;,&quot;sizes&quot;:[]},&quot;distance_from_menu_tablet&quot;:{&quot;unit&quot;:&quot;px&quot;,&quot;size&quot;:&quot;&quot;,&quot;sizes&quot;:[]},&quot;distance_from_menu_mobile&quot;:{&quot;unit&quot;:&quot;px&quot;,&quot;size&quot;:&quot;&quot;,&quot;sizes&quot;:[]},&quot;toggle_size&quot;:{&quot;unit&quot;:&quot;px&quot;,&quot;size&quot;:&quot;&quot;,&quot;sizes&quot;:[]},&quot;toggle_size_tablet&quot;:{&quot;unit&quot;:&quot;px&quot;,&quot;size&quot;:&quot;&quot;,&quot;sizes&quot;:[]},&quot;toggle_size_mobile&quot;:{&quot;unit&quot;:&quot;px&quot;,&quot;size&quot;:&quot;&quot;,&quot;sizes&quot;:[]},&quot;toggle_border_width&quot;:{&quot;unit&quot;:&quot;px&quot;,&quot;size&quot;:&quot;&quot;,&quot;sizes&quot;:[]},&quot;toggle_border_width_tablet&quot;:{&quot;unit&quot;:&quot;px&quot;,&quot;size&quot;:&quot;&quot;,&quot;sizes&quot;:[]},&quot;toggle_border_width_mobile&quot;:{&quot;unit&quot;:&quot;px&quot;,&quot;size&quot;:&quot;&quot;,&quot;sizes&quot;:[]},&quot;toggle_border_radius&quot;:{&quot;unit&quot;:&quot;px&quot;,&quot;size&quot;:&quot;&quot;,&quot;sizes&quot;:[]},&quot;toggle_border_radius_tablet&quot;:{&quot;unit&quot;:&quot;px&quot;,&quot;size&quot;:&quot;&quot;,&quot;sizes&quot;:[]},&quot;toggle_border_radius_mobile&quot;:{&quot;unit&quot;:&quot;px&quot;,&quot;size&quot;:&quot;&quot;,&quot;sizes&quot;:[]}}\" data-widget_type=\"navigation-menu.default\">\n\t\t\t\t<div class=\"elementor-widget-container\">\n\t\t\t\t\t\t\t\t<div class=\"hfe-nav-menu hfe-layout-horizontal hfe-nav-menu-layout horizontal hfe-pointer__none\" data-layout=\"horizontal\">\n\t\t\t\t<div role=\"button\" class=\"hfe-nav-menu__toggle elementor-clickable\">\n\t\t\t\t\t<span class=\"screen-reader-text\">Menu<\/span>\n\t\t\t\t\t<div class=\"hfe-nav-menu-icon\">\n\t\t\t\t\t\t<i aria-hidden=\"true\"  class=\"fas fa-align-justify\"><\/i>\t\t\t\t\t<\/div>\n\t\t\t\t<\/div>\n\t\t\t\t<nav class=\"hfe-nav-menu__layout-horizontal hfe-nav-menu__submenu-arrow\" data-toggle-icon=\"&lt;i aria-hidden=&quot;true&quot; tabindex=&quot;0&quot; class=&quot;fas fa-align-justify&quot;&gt;&lt;\/i&gt;\" data-close-icon=\"&lt;i aria-hidden=&quot;true&quot; tabindex=&quot;0&quot; class=&quot;far fa-window-close&quot;&gt;&lt;\/i&gt;\" data-full-width=\"yes\">\n\t\t\t\t\t<ul id=\"menu-1-e47a447\" class=\"hfe-nav-menu\"><li id=\"menu-item-3320\" class=\"menu-item menu-item-type-post_type menu-item-object-page parent hfe-creative-menu\"><a href=\"https:\/\/profheinen.de\/training-2\/steuerung-des-ausdauertrainings\/\" class = \"hfe-menu-item\">Control of endurance training<\/a><\/li>\n<li id=\"menu-item-2807\" class=\"menu-item menu-item-type-post_type menu-item-object-page parent hfe-creative-menu\"><a href=\"https:\/\/profheinen.de\/training-2\/herzfrequenzgesteuertes-ausdauertraining\/\" class = \"hfe-menu-item\">Heart rate-controlled endurance training<\/a><\/li>\n<li id=\"menu-item-2808\" class=\"menu-item menu-item-type-post_type menu-item-object-page parent hfe-creative-menu\"><a href=\"https:\/\/profheinen.de\/training-2\/anpassung-der-trainingsherzfrequenz-nach-dem-laktat-im-steady-state\/\" class = \"hfe-menu-item\">Adaptation of the training heart rate according to the lactate in the steady state<\/a><\/li>\n<li id=\"menu-item-3357\" class=\"menu-item menu-item-type-post_type menu-item-object-page parent hfe-creative-menu\"><a href=\"https:\/\/profheinen.de\/training-2\/qualitaet-der-trainer\/\" class = \"hfe-menu-item\">Quality of the trainers<\/a><\/li>\n<li id=\"menu-item-4487\" class=\"menu-item menu-item-type-post_type menu-item-object-page parent hfe-creative-menu\"><a href=\"https:\/\/profheinen.de\/training-2\/qualitaet-von-fitnessstudios\/\" class = \"hfe-menu-item\">Quality of fitness studios<\/a><\/li>\n<\/ul> \n\t\t\t\t<\/nav>\n\t\t\t<\/div>\n\t\t\t\t\t\t\t<\/div>\n\t\t\t\t<\/div>\n\t\t\t\t\t<\/div>\n\t\t<\/div>\n\t\t\t\t\t<\/div>\n\t\t<\/section>\n\t\t\t\t<\/div>\n\t\t","protected":false},"excerpt":{"rendered":"<p>Training Unter Training versteht man allgemein das \u00dcben bestimmter F\u00e4higkeiten. Dabei sind meist die k\u00f6rperliche F\u00e4higkeiten gemeint. Das Trainieren der geistigen F\u00e4higkeiten nennen wir in der Regel: lernen. K\u00f6rperliche Aktivit\u00e4t und k\u00f6rperliche Leistungsf\u00e4higkeit sind mit einer geringeren Wahrscheinlichkeit, zu erkranken, verbunden, erh\u00f6hen die Lebensdauer.\u00a0 Eine Steigerung, ein Training der k\u00f6rperlichen Leistungsf\u00e4higkeit kann die Wahrscheinlichkeit, zu [&hellip;]<\/p>\n","protected":false},"author":2,"featured_media":0,"parent":0,"menu_order":0,"comment_status":"closed","ping_status":"closed","template":"","meta":{"_custom_body_class":"","_custom_post_class":"","om_disable_all_campaigns":false,"_monsterinsights_skip_tracking":false,"_monsterinsights_sitenote_active":false,"_monsterinsights_sitenote_note":"","_monsterinsights_sitenote_category":0,"_uf_show_specific_survey":0,"_uf_disable_surveys":false,"site-sidebar-layout":"default","site-content-layout":"default","ast-site-content-layout":"","site-content-style":"default","site-sidebar-style":"default","ast-global-header-display":"","ast-banner-title-visibility":"","ast-main-header-display":"","ast-hfb-above-header-display":"","ast-hfb-below-header-display":"","ast-hfb-mobile-header-display":"","site-post-title":"disabled","ast-breadcrumbs-content":"","ast-featured-img":"","footer-sml-layout":"","theme-transparent-header-meta":"default","adv-header-id-meta":"","stick-header-meta":"","header-above-stick-meta":"","header-main-stick-meta":"","header-below-stick-meta":"","astra-migrate-meta-layouts":"default","ast-page-background-enabled":"default","ast-page-background-meta":{"desktop":{"background-color":"","background-image":"","background-repeat":"repeat","background-position":"center center","background-size":"auto","background-attachment":"scroll","background-type":"","background-media":"","overlay-type":"","overlay-color":"","overlay-opacity":"","overlay-gradient":""},"tablet":{"background-color":"","background-image":"","background-repeat":"repeat","background-position":"center center","background-size":"auto","background-attachment":"scroll","background-type":"","background-media":"","overlay-type":"","overlay-color":"","overlay-opacity":"","overlay-gradient":""},"mobile":{"background-color":"","background-image":"","background-repeat":"repeat","background-position":"center center","background-size":"auto","background-attachment":"scroll","background-type":"","background-media":"","overlay-type":"","overlay-color":"","overlay-opacity":"","overlay-gradient":""}},"ast-content-background-meta":{"desktop":{"background-color":"var(--ast-global-color-5)","background-image":"","background-repeat":"repeat","background-position":"center center","background-size":"auto","background-attachment":"scroll","background-type":"","background-media":"","overlay-type":"","overlay-color":"","overlay-opacity":"","overlay-gradient":""},"tablet":{"background-color":"var(--ast-global-color-5)","background-image":"","background-repeat":"repeat","background-position":"center center","background-size":"auto","background-attachment":"scroll","background-type":"","background-media":"","overlay-type":"","overlay-color":"","overlay-opacity":"","overlay-gradient":""},"mobile":{"background-color":"var(--ast-global-color-5)","background-image":"","background-repeat":"repeat","background-position":"center center","background-size":"auto","background-attachment":"scroll","background-type":"","background-media":"","overlay-type":"","overlay-color":"","overlay-opacity":"","overlay-gradient":""}},"footnotes":""},"class_list":["post-8623","page","type-page","status-publish","hentry"],"aioseo_notices":[],"_links":{"self":[{"href":"https:\/\/profheinen.de\/en\/wp-json\/wp\/v2\/pages\/8623","targetHints":{"allow":["GET"]}}],"collection":[{"href":"https:\/\/profheinen.de\/en\/wp-json\/wp\/v2\/pages"}],"about":[{"href":"https:\/\/profheinen.de\/en\/wp-json\/wp\/v2\/types\/page"}],"author":[{"embeddable":true,"href":"https:\/\/profheinen.de\/en\/wp-json\/wp\/v2\/users\/2"}],"replies":[{"embeddable":true,"href":"https:\/\/profheinen.de\/en\/wp-json\/wp\/v2\/comments?post=8623"}],"version-history":[{"count":0,"href":"https:\/\/profheinen.de\/en\/wp-json\/wp\/v2\/pages\/8623\/revisions"}],"wp:attachment":[{"href":"https:\/\/profheinen.de\/en\/wp-json\/wp\/v2\/media?parent=8623"}],"curies":[{"name":"wp","href":"https:\/\/api.w.org\/{rel}","templated":true}]}}